{"id":4028,"date":"2021-01-27T17:27:09","date_gmt":"2021-01-27T16:27:09","guid":{"rendered":"https:\/\/berlinskejmodel.cz\/?page_id=4028"},"modified":"2021-02-05T16:26:00","modified_gmt":"2021-02-05T15:26:00","slug":"read-the-legend","status":"publish","type":"page","link":"https:\/\/berlinskejmodel.cz\/cs\/o-galerii-bm\/read-the-legend\/","title":{"rendered":"Read the legend"},"content":{"rendered":"<p>Tagov\u00e1n\u00ed v\u00fdstav skrze optiku fantasy her na hrdiny, jako v Dra\u010d\u00edm doup\u011bti se m\u016f\u017ee jevit jako pouh\u00e9 ozvl\u00e1\u0161tn\u011bn\u00ed, kter\u00e9 si libuje v dne\u0161n\u00edm revivalu deskovek a normalizaci hran\u00ed po\u010d\u00edta\u010dov\u00fdch her. Na druhou stranu, pokud tyto paralely zkus\u00edme vz\u00edt v\u00e1\u017en\u011b, m\u016f\u017eeme se na um\u011bleckou pr\u00e1ci d\u00edvat skrze jinou optiku. Hry na hrdiny n\u00e1s nut\u00ed p\u0159ijmout rozli\u010dn\u00e9 role s r\u016fzn\u00fdmi vlastnostmi, d\u00edky kter\u00fdm m\u016f\u017eeme zvl\u00e1dnout situace, kter\u00e9 jsou p\u0159ed n\u00e1s postaveny. Je jedno, jestli se tak d\u011bje mezi p\u0159\u00e1teli na spole\u010dn\u00e9 session, nebo u monitoru. Jsme postaveni do role, j\u00ed\u017e mus\u00edme zvl\u00e1dnout a dostat se d\u00e1le &#8211; nau\u010dit se nov\u00e9 skilly, kouzla, z\u00edskat lep\u0161\u00ed magick\u00e9 brn\u011bn\u00ed a vy\u0159e\u0161it zapeklit\u00e9 questy.<\/p>\n<p>Hodn\u011b z t\u011bchto v\u011bc\u00ed jde p\u0159ipodobnit k um\u011bleck\u00e9mu provozu. Ka\u017ed\u00fd, kdo aktivn\u011b tvo\u0159\u00ed vych\u00e1z\u00ed ze sv\u00fdch podm\u00ednek a vlastnost\u00ed, u\u010d\u00ed se nov\u00e9 p\u0159\u00edstupy, vyu\u017e\u00edv\u00e1 poka\u017ed\u00e9 jin\u00fd materi\u00e1l a ohmat\u00e1v\u00e1 nov\u00e1 t\u00e9mata. N\u011bkter\u00e9 p\u0159\u00edstupy mohou p\u0159ipom\u00ednat barbara, jen\u017e v bitv\u011b vstupuje do transu, jin\u00e9 zase iluzionistu*ku, usiluj\u00edc\u00ed o reprodukci skute\u010dnosti. V\u00fdstava je questem, jeho\u017e spln\u011bn\u00ed obdarov\u00e1v\u00e1 zku\u0161enostmi. T\u011bmito rolemi proplouvaj\u00ed um\u011blci*kyn\u011b na sv\u00e9 cest\u011b nesnadn\u00fdm \u017eivotem pln\u00fdm p\u0159\u00edle\u017eitost\u00ed, nejistot a strachu, \u017ee se toho mus\u00ed vzd\u00e1t a p\u0159estat hr\u00e1t, aby za\u010dali d\u011blat n\u011bco \u201csmyslupln\u011bj\u0161\u00edho\u201d. V\u0161ichni, kdo jsme um\u011blci *kyn\u011b chceme co nejd\u00e9le hr\u00e1t tuto hru, i kdy\u017e je \u010dasto nef\u00e9r, nebezpe\u010dn\u00e1 a na\u0161e \u0161ance jsou moc mal\u00e9.<\/p>\n<p>V\u00fdstavy jsou otagov\u00e1ny syst\u00e9mem, kter\u00fd je z\u010d\u00e1sti srozumiteln\u00fd a z \u010d\u00e1sti hrav\u00fd a zak\u00f3dovan\u00fd. Srozumiteln\u011b jsou otagov\u00e1ny typy v\u00fdstav, pou\u017eit\u00e1 m\u00e9dia. Zak\u00f3dovan\u011b jsou pak otagov\u00e1ny subjektivn\u00ed krit\u00e9ria jako pou\u017eit\u00e9 barvy, pou\u017eit\u00e9 vybaven\u00ed a materi\u00e1l, druhy um\u011bleck\u00fdch p\u0159\u00edstup\u016f a druh pracovn\u00edch proces\u016f. V\u00fdstavy nejsou tagov\u00e1ny exaktn\u00edm, ale sp\u00ed\u0161e voln\u011bj\u0161\u00edm zp\u016fsobem. Nab\u00edz\u00edme zde kl\u00ed\u010d k jejich \u010dten\u00ed:<\/p>\n<h2>Obsazen\u00ed<\/h2>\n<ul>\n<li style=\"font-weight: 400;\" aria-level=\"1\"><a href=\"https:\/\/berlinskejmodel.cz\/cs\/tag\/solo\/\">#solo<\/a><\/li>\n<li style=\"font-weight: 400;\" aria-level=\"1\"><a href=\"https:\/\/berlinskejmodel.cz\/cs\/tag\/duo\/\">#duo<\/a><\/li>\n<li style=\"font-weight: 400;\" aria-level=\"1\"><a href=\"https:\/\/berlinskejmodel.cz\/cs\/tag\/group\/\">#group<\/a><\/li>\n<\/ul>\n<h2>M\u00e9dia<\/h2>\n<ul>\n<li aria-level=\"1\"><a href=\"https:\/\/berlinskejmodel.cz\/cs\/tag\/drawing\/\">#drawing<\/a> \/ <a href=\"https:\/\/berlinskejmodel.cz\/cs\/tag\/kresba\/\">#kresba<\/a><\/li>\n<li style=\"font-weight: 400;\" aria-level=\"1\"><a href=\"https:\/\/berlinskejmodel.cz\/cs\/tag\/music\/\">#music<\/a> \/ <a href=\"https:\/\/berlinskejmodel.cz\/cs\/tag\/hudba\/\">#hudba<\/a><\/li>\n<li style=\"font-weight: 400;\" aria-level=\"1\"><a href=\"https:\/\/berlinskejmodel.cz\/cs\/tag\/new_media\/\">#new_media<\/a> \/ <a href=\"https:\/\/berlinskejmodel.cz\/cs\/tag\/nova_media\/\">#nova_media<\/a><\/li>\n<li style=\"font-weight: 400;\" aria-level=\"1\"><a href=\"https:\/\/berlinskejmodel.cz\/cs\/tag\/object\/\">#object<\/a> \/ <a href=\"https:\/\/berlinskejmodel.cz\/cs\/tag\/objekt\/\">#objekt<\/a><\/li>\n<li style=\"font-weight: 400;\" aria-level=\"1\"><a href=\"https:\/\/berlinskejmodel.cz\/cs\/tag\/painting\/\">#painting<\/a> \/ <a href=\"https:\/\/berlinskejmodel.cz\/cs\/tag\/malba\/\">#malba<\/a><\/li>\n<li style=\"font-weight: 400;\" aria-level=\"1\"><a href=\"https:\/\/berlinskejmodel.cz\/cs\/tag\/performance\/\">#performance<\/a><\/li>\n<li style=\"font-weight: 400;\" aria-level=\"1\"><a href=\"https:\/\/berlinskejmodel.cz\/cs\/tag\/photography\/\">#photography<\/a> \/ <a href=\"https:\/\/berlinskejmodel.cz\/cs\/tag\/fotografie\/\">#fotografie<\/a><\/li>\n<li style=\"font-weight: 400;\" aria-level=\"1\"><a href=\"https:\/\/berlinskejmodel.cz\/cs\/tag\/print\/\">#print<\/a> \/ <a href=\"https:\/\/berlinskejmodel.cz\/cs\/tag\/tisk\/\">#tisk<\/a><\/li>\n<li style=\"font-weight: 400;\" aria-level=\"1\"><a href=\"https:\/\/berlinskejmodel.cz\/cs\/tag\/sculpture\/\">#sculpture<\/a> \/ <a href=\"https:\/\/berlinskejmodel.cz\/cs\/tag\/socha\/\">#socha<\/a><\/li>\n<li aria-level=\"1\"><a href=\"https:\/\/berlinskejmodel.cz\/cs\/tag\/text\/\">#text<\/a><\/li>\n<li style=\"font-weight: 400;\" aria-level=\"1\"><a href=\"https:\/\/berlinskejmodel.cz\/cs\/tag\/video\/\">#video<\/a><\/li>\n<\/ul>\n<h2>Jin\u00e9 spole\u010densk\u00e9 ud\u00e1losti<\/h2>\n<ul>\n<li style=\"font-weight: 400;\" aria-level=\"1\"><a href=\"https:\/\/berlinskejmodel.cz\/cs\/tag\/booklaunch\/\">#booklaunch<\/a> \/ <a href=\"https:\/\/berlinskejmodel.cz\/cs\/tag\/krest_knihy\/\">#krest_knihy<\/a><\/li>\n<li><a href=\"https:\/\/berlinskejmodel.cz\/cs\/tag\/chalupecky\/\">#chalupecky<\/a><\/li>\n<li style=\"font-weight: 400;\" aria-level=\"1\"><a href=\"https:\/\/berlinskejmodel.cz\/cs\/tag\/discussion\/\">#discussion<\/a> \/ <a href=\"https:\/\/berlinskejmodel.cz\/cs\/tag\/diskuze\/\">#diskuze<\/a><\/li>\n<li style=\"font-weight: 400;\" aria-level=\"1\"><a href=\"https:\/\/berlinskejmodel.cz\/cs\/tag\/neighborhood\/\">#neighborhood<\/a> \/ <a href=\"https:\/\/berlinskejmodel.cz\/cs\/tag\/sousedstvi\/\">#sousedstvi<\/a><\/li>\n<li style=\"font-weight: 400;\" aria-level=\"1\"><a href=\"https:\/\/berlinskejmodel.cz\/cs\/tag\/pop_up\/\">#pop_up<\/a><\/li>\n<li style=\"font-weight: 400;\" aria-level=\"1\"><a href=\"https:\/\/berlinskejmodel.cz\/cs\/tag\/screening\/\">#screening<\/a> \/ <a href=\"https:\/\/berlinskejmodel.cz\/cs\/tag\/promitani\/\">#promitani<\/a><\/li>\n<li style=\"font-weight: 400;\" aria-level=\"1\"><a href=\"https:\/\/berlinskejmodel.cz\/cs\/tag\/workshop\/\">#workshop<\/a><\/li>\n<\/ul>\n<h2>Povol\u00e1n\u00ed<\/h2>\n<p>Naturely tv\u016fr\u010d\u00edch p\u0159\u00edstup\u016f a stragi\u00ed jsou p\u0159ipodob\u011bny k povol\u00e1n\u00edm Dra\u010d\u00edho doup\u011bte. Tagov\u00e1no subjektivn\u011b.<\/p>\n<ul>\n<li style=\"font-weight: 400;\" aria-level=\"1\"><a href=\"https:\/\/berlinskejmodel.cz\/cs\/tag\/barbarian\/\">#barbarian<\/a> \u2013 Neklidn\u00e9, expresivn\u00ed, emocion\u00e1ln\u011b p\u016fsob\u00edc\u00ed p\u0159\u00edstupy v jak\u00e9mkoliv m\u00e9diu.<\/li>\n<li style=\"font-weight: 400;\" aria-level=\"1\"><a href=\"https:\/\/berlinskejmodel.cz\/cs\/tag\/bard\/\">#bard<\/a> \u2013 Hrav\u00e1, vtipn\u00e1 d\u00edla nezat\u011b\u017euj\u00edc\u00ed se hloubkou a participativn\u00ed p\u0159\u00edstupy.<\/li>\n<li style=\"font-weight: 400;\" aria-level=\"1\"><a href=\"https:\/\/berlinskejmodel.cz\/cs\/tag\/druid\/\">#druid<\/a> \u2013 Ekologick\u00e1 t\u00e9mata, pr\u00e1ce s p\u0159\u00edrodninami.<\/li>\n<li style=\"font-weight: 400;\" aria-level=\"1\"><a href=\"https:\/\/berlinskejmodel.cz\/cs\/tag\/enchanter\/\">#enchanter<\/a> \u2013 Podivn\u00e9, surrealistick\u00e9, poetick\u00e9 a imaginativn\u00ed um\u011bn\u00ed.<\/li>\n<li style=\"font-weight: 400;\" aria-level=\"1\"><a href=\"https:\/\/berlinskejmodel.cz\/cs\/tag\/illusionist\/\">#illusionist<\/a> \u2013 Realistick\u00e9 a dokument\u00e1rn\u00ed p\u0159\u00edstupy.<\/li>\n<li style=\"font-weight: 400;\" aria-level=\"1\"><a href=\"https:\/\/berlinskejmodel.cz\/cs\/tag\/rogue\/\">#rogue<\/a> \u2013 Podvratn\u00e9, politick\u00e9, anga\u017eovan\u00e9 um\u011bn\u00ed. Apropriace, politick\u00e9 slogany, performance ve ve\u0159ejn\u00e9m prostoru.<\/li>\n<li style=\"font-weight: 400;\" aria-level=\"1\"><a href=\"https:\/\/berlinskejmodel.cz\/cs\/tag\/witch\/\">#witch<\/a> \u2013 Um\u011bleck\u00e9 projevy tematizuj\u00edc\u00ed spiritualitu, tajemstv\u00ed, osobn\u00ed mytologie.<\/li>\n<li style=\"font-weight: 400;\" aria-level=\"1\"><a href=\"https:\/\/berlinskejmodel.cz\/cs\/tag\/wizard\/\">#wizard<\/a> \u2013 Konceptu\u00e1ln\u00ed p\u0159\u00edstupy, exaktn\u00ed geometrick\u00e9 abstrakce a zaj\u00edmav\u00e9 novomedi\u00e1ln\u00ed p\u0159\u00edstupy.<\/li>\n<\/ul>\n<h2>Magie<\/h2>\n<p>Technick\u00e9 p\u0159\u00edstupy k tvorb\u011b jsou p\u0159ipodobn\u011bny typ\u016fm magie.<\/p>\n<ul>\n<li style=\"font-weight: 400;\" aria-level=\"1\"><a href=\"https:\/\/berlinskejmodel.cz\/cs\/tag\/air_magic\/\">#air_magic<\/a> \u2013 Hybridn\u00ed kategorie zahrnuj\u00edc\u00ed prim\u00e1rn\u011b procesy z\u00e1visl\u00e9 na zachycov\u00e1n\u00ed sv\u011btla anebo prac\u00ed s prostorem. Spad\u00e1 sem pr\u00e1ce s fotoapar\u00e1tem \u010di kamerou, ale i st\u0159\u00edh\u00e1n\u00ed pap\u00edru, l\u00e1tky, tisk anebo pr\u00e1ce s textem a mluven\u00fdm slovem.<\/li>\n<li style=\"font-weight: 400;\" aria-level=\"1\"><a href=\"https:\/\/berlinskejmodel.cz\/cs\/tag\/earth_magic\/\">#earth_magic<\/a> \u2013 Pr\u00e1ce s mat\u00e9ri\u00ed. Hn\u011bten\u00ed a opracov\u00e1v\u00e1n\u00ed hmoty, ale i kombinov\u00e1n\u00ed ji\u017e existuj\u00edc\u00edch p\u0159edm\u011bt\u016f je pr\u00e1ce, k n\u00ed\u017e je pot\u0159eba magie zem\u011b.<\/li>\n<li style=\"font-weight: 400;\" aria-level=\"1\"><a href=\"https:\/\/berlinskejmodel.cz\/cs\/tag\/fire_magic\/\">#fire_magic<\/a> \u2013 Ohe\u0148 lze p\u0159ipodobnit k modern\u00ed elekt\u0159in\u011b. Do t\u00e9to sf\u00e9ry magie tak spadaj\u00ed pr\u00e1ce vyu\u017eit\u00e9 prim\u00e1rn\u011b pomoc\u00ed digit\u00e1ln\u00edch m\u00e9di\u00ed nebo z\u00e1visej\u00edc\u00ed na b\u011bhu elekt\u0159iny. Sem spadaj\u00ed 3D videa, videomont\u00e1\u017ee, novomedi\u00e1ln\u00ed um\u011bn\u00ed, k\u00f3dov\u00e1n\u00ed a interaktivn\u00ed instalace.<\/li>\n<li style=\"font-weight: 400;\" aria-level=\"1\"><a href=\"https:\/\/berlinskejmodel.cz\/cs\/tag\/water_magic\/\">#water_magic<\/a> \u2013 Rozpou\u0161t\u011bn\u00ed l\u00e1tek v tekutin\u00e1ch lze p\u0159ipodobnit k magii vody. Mal\u00ed\u0159stv\u00ed, a\u0165 ji\u017e akrylem, olejem, akvarelem a dal\u0161\u00edmi tekut\u00fdmi m\u00e9dii lze pova\u017eovat za vodn\u00ed magii.<\/li>\n<li style=\"font-weight: 400;\" aria-level=\"1\"><a href=\"https:\/\/berlinskejmodel.cz\/cs\/tag\/priest_magic\/\">#priest_magic<\/a> \u2013 Speci\u00e1ln\u00ed kategorie &#8211; takto jsou ozna\u010deny kur\u00e1torsk\u00e9 koncepty, p\u0159ev\u00e1\u017en\u011b skupinov\u00e9 v\u00fdstavy, jejich\u017e nejv\u00fdrazn\u011bj\u0161\u00edm znakem je spojov\u00e1n\u00ed rozli\u010dn\u00fdch um\u011blc\u016f s rozli\u010dn\u00fdmi p\u0159\u00edstupy.<\/li>\n<\/ul>\n<h2>Barvy<\/h2>\n<p>Barvy byly tagov\u00e1ny subjektivn\u011b, \u010dasto podle p\u0159evl\u00e1daj\u00edc\u00edch, a nebo nejv\u00fdrazn\u011bj\u0161\u00edch barev.<\/p>\n<ul>\n<li style=\"font-weight: 400;\" aria-level=\"1\"><a href=\"https:\/\/berlinskejmodel.cz\/cs\/tag\/ruby\/\">#ruby<\/a> \u2013 \u010cerven\u00e1<\/li>\n<li style=\"font-weight: 400;\" aria-level=\"1\"><a href=\"https:\/\/berlinskejmodel.cz\/cs\/tag\/topaz\/\">#topaz<\/a> \u2013 \u017dlut\u00e1<\/li>\n<li style=\"font-weight: 400;\" aria-level=\"1\"><a href=\"https:\/\/berlinskejmodel.cz\/cs\/tag\/emerald\/\">#emerald<\/a> \u2013 Zelen\u00e1<\/li>\n<li style=\"font-weight: 400;\" aria-level=\"1\"><a href=\"https:\/\/berlinskejmodel.cz\/cs\/tag\/sapphire\/\">#sapphire<\/a> \u2013 Modr\u00e1<\/li>\n<li style=\"font-weight: 400;\" aria-level=\"1\"><a href=\"https:\/\/berlinskejmodel.cz\/cs\/tag\/amethyst\/\">#amethyst<\/a> \u2013 Fialov\u00e1<\/li>\n<li style=\"font-weight: 400;\" aria-level=\"1\"><a href=\"https:\/\/berlinskejmodel.cz\/cs\/tag\/hematite\/\">#hematite<\/a> \u2013 Hn\u011bd\u00e1<\/li>\n<li style=\"font-weight: 400;\" aria-level=\"1\"><a href=\"https:\/\/berlinskejmodel.cz\/cs\/tag\/pearl\/\">#pearl<\/a> \u2013 B\u00edl\u00e1<\/li>\n<li style=\"font-weight: 400;\" aria-level=\"1\"><a href=\"https:\/\/berlinskejmodel.cz\/cs\/tag\/obsidian\/\">#obsidian<\/a> \u2013 \u010cern\u00e1<\/li>\n<li style=\"font-weight: 400;\" aria-level=\"1\"><a href=\"https:\/\/berlinskejmodel.cz\/cs\/tag\/ash\/\">#ash<\/a> \u2013 \u0160ed\u00e1<\/li>\n<li style=\"font-weight: 400;\" aria-level=\"1\"><a href=\"https:\/\/berlinskejmodel.cz\/cs\/tag\/opal\/\">#opal<\/a> \u2013 Mnohobarevn\u00e9 pestr\u00e9, bly\u0161tiv\u00e9<\/li>\n<li style=\"font-weight: 400;\" aria-level=\"1\"><a href=\"https:\/\/berlinskejmodel.cz\/cs\/tag\/agate\/\">#agate<\/a> \u2013 Mnohobarevn\u00e9 tlumen\u00e9<\/li>\n<li style=\"font-weight: 400;\" aria-level=\"1\"><a href=\"https:\/\/berlinskejmodel.cz\/cs\/tag\/diamond\/\">#diamond<\/a> \u2013 Pr\u016fhledn\u00e9<\/li>\n<li style=\"font-weight: 400;\" aria-level=\"1\"><a href=\"https:\/\/berlinskejmodel.cz\/cs\/tag\/silver\/\">#silver<\/a> \u2013 Leskl\u00e9, zrcadlov\u00e9<\/li>\n<\/ul>\n<h2>Vybaven\u00ed<\/h2>\n<p>Vybaven\u00ed pou\u017eit\u00e9 ve v\u00fdstav\u00e1ch, nebylo kategorizov\u00e1no jako vy\u010derp\u00e1vaj\u00edc\u00ed invent\u00e1\u0159.<\/p>\n<ul>\n<li><a href=\"https:\/\/berlinskejmodel.cz\/cs\/tag\/charcoal\/\">#charcoal<\/a> \u2013 Kresba \u010di malba na st\u011bny<\/li>\n<li style=\"font-weight: 400;\" aria-level=\"1\"><a href=\"https:\/\/berlinskejmodel.cz\/cs\/tag\/crystal_orb\/\">#crystal_orb<\/a> \u2013 Obrazovka, po\u010d\u00edta\u010d<\/li>\n<li style=\"font-weight: 400;\" aria-level=\"1\"><a href=\"https:\/\/berlinskejmodel.cz\/cs\/tag\/glass_vial\/\">#glass_vial<\/a> \u2013 Sklo a pr\u016fhledn\u00e9 materi\u00e1ly<\/li>\n<li><a href=\"https:\/\/berlinskejmodel.cz\/cs\/tag\/herbs\/\">#herbs<\/a> \u2013 P\u0159\u00edrodniny, organick\u00e9 materi\u00e1ly<\/li>\n<li><a href=\"https:\/\/berlinskejmodel.cz\/cs\/tag\/iron_chestplate\/\">#iron_chestplate<\/a> \u2013 Kov<\/li>\n<li style=\"font-weight: 400;\" aria-level=\"1\"><a href=\"https:\/\/berlinskejmodel.cz\/cs\/tag\/linen_cloak\/\">#linen_cloak<\/a> \u2013 Mal\u00ed\u0159sk\u00e9 pl\u00e1tno<\/li>\n<li><a href=\"https:\/\/berlinskejmodel.cz\/cs\/tag\/ochre_jelly\/\">#ochre_jelly<\/a> \u2013 Pou\u017eit\u00ed plastu<\/li>\n<li style=\"font-weight: 400;\" aria-level=\"1\"><a href=\"https:\/\/berlinskejmodel.cz\/cs\/tag\/ornate_dress\/\">#ornate_dress<\/a> \u2013 Pr\u00e1ce s textilem<\/li>\n<li style=\"font-weight: 400;\" aria-level=\"1\"><a href=\"https:\/\/berlinskejmodel.cz\/cs\/tag\/pottery\/\">#pottery<\/a> \u2013 Hl\u00edna, s\u00e1dra a jin\u00e9 ztuhl\u00e9 hmoty<\/li>\n<li style=\"font-weight: 400;\" aria-level=\"1\"><a href=\"https:\/\/berlinskejmodel.cz\/cs\/tag\/scroll\/\">#scroll<\/a> \u2013 Pap\u00edr<\/li>\n<li style=\"font-weight: 400;\" aria-level=\"1\"><a href=\"https:\/\/berlinskejmodel.cz\/cs\/tag\/stone_statue\/\">#stone_statue<\/a> \u2013 K\u00e1men, beton atd.<\/li>\n<li style=\"font-weight: 400;\" aria-level=\"1\"><a href=\"https:\/\/berlinskejmodel.cz\/cs\/tag\/throne\/\">#throne<\/a> \u2013 Vyu\u017eit\u00ed n\u00e1bytku<\/li>\n<li style=\"font-weight: 400;\" aria-level=\"1\"><a href=\"https:\/\/berlinskejmodel.cz\/cs\/tag\/torch\/\">#torch<\/a> \u2013 Pou\u017eit\u00ed projektoru, bodov\u00e9ho sv\u011btla, barevn\u00e9ho sv\u011btla<\/li>\n<li style=\"font-weight: 400;\" aria-level=\"1\"><a href=\"https:\/\/berlinskejmodel.cz\/cs\/tag\/trinkets\/\">#trinkets<\/a> \u2013 Readymade, nalezen\u00fd materi\u00e1l, apropriace<\/li>\n<li style=\"font-weight: 400;\" aria-level=\"1\"><a href=\"https:\/\/berlinskejmodel.cz\/cs\/tag\/wooden_idol\/\">#wooden_idol<\/a> \u2013 D\u0159evo<\/li>\n<\/ul>\n<p><\/p>","protected":false},"excerpt":{"rendered":"<p>Tagov\u00e1n\u00ed v\u00fdstav skrze optiku fantasy her na hrdiny, jako v Dra\u010d\u00edm doup\u011bti se m\u016f\u017ee jevit jako pouh\u00e9 ozvl\u00e1\u0161tn\u011bn\u00ed, kter\u00e9 si libuje v dne\u0161n\u00edm revivalu deskovek a normalizaci hran\u00ed po\u010d\u00edta\u010dov\u00fdch her. Na druhou stranu, pokud tyto paralely zkus\u00edme vz\u00edt v\u00e1\u017en\u011b, m\u016f\u017eeme se na um\u011bleckou pr\u00e1ci d\u00edvat skrze jinou optiku. Hry na hrdiny n\u00e1s nut\u00ed p\u0159ijmout rozli\u010dn\u00e9&#8230; <a class=\"view-article\" href=\"https:\/\/berlinskejmodel.cz\/cs\/o-galerii-bm\/read-the-legend\/\">View Article<\/a><\/p>\n","protected":false},"author":1,"featured_media":0,"parent":83,"menu_order":0,"comment_status":"closed","ping_status":"closed","template":"template-o-galerii.php","meta":{"_acf_changed":false,"footnotes":""},"class_list":["post-4028","page","type-page","status-publish","hentry","wpautop"],"acf":[],"yoast_head":"<!-- This site is optimized with the Yoast SEO plugin v27.4 - https:\/\/yoast.com\/product\/yoast-seo-wordpress\/ -->\n<title>Read the legend | Berl\u00ednskej Model<\/title>\n<meta name=\"description\" content=\"Tagov\u00e1n\u00ed v\u00fdstav skrze optiku fantasy her se m\u016f\u017ee jevit jako ozvl\u00e1\u0161tn\u011bn\u00ed, kter\u00e9 si libuje v dne\u0161n\u00edm revivalu deskovek a normalizaci hran\u00ed po\u010d\u00edta\u010dov\u00fdch her.\" \/>\n<meta name=\"robots\" content=\"index, follow, max-snippet:-1, max-image-preview:large, max-video-preview:-1\" \/>\n<link rel=\"canonical\" href=\"https:\/\/berlinskejmodel.cz\/cs\/o-galerii-bm\/read-the-legend\/\" \/>\n<meta property=\"og:locale\" content=\"cs_CZ\" \/>\n<meta property=\"og:type\" content=\"article\" \/>\n<meta property=\"og:title\" content=\"Read the legend | Berl\u00ednskej Model\" \/>\n<meta property=\"og:description\" content=\"Tagov\u00e1n\u00ed v\u00fdstav skrze optiku fantasy her se m\u016f\u017ee jevit jako ozvl\u00e1\u0161tn\u011bn\u00ed, kter\u00e9 si libuje v dne\u0161n\u00edm revivalu deskovek a normalizaci hran\u00ed po\u010d\u00edta\u010dov\u00fdch her.\" \/>\n<meta property=\"og:url\" content=\"https:\/\/berlinskejmodel.cz\/cs\/o-galerii-bm\/read-the-legend\/\" \/>\n<meta property=\"og:site_name\" content=\"Berl\u00ednskej Model\" \/>\n<meta property=\"article:publisher\" content=\"https:\/\/www.facebook.com\/berlinskejmodel\" \/>\n<meta property=\"article:modified_time\" content=\"2021-02-05T15:26:00+00:00\" \/>\n<meta property=\"og:image\" content=\"https:\/\/berlinskejmodel.cz\/wp-content\/uploads\/2020\/11\/logo_v1.png\" \/>\n\t<meta property=\"og:image:width\" content=\"512\" \/>\n\t<meta property=\"og:image:height\" content=\"512\" \/>\n\t<meta property=\"og:image:type\" content=\"image\/png\" \/>\n<meta name=\"twitter:card\" content=\"summary_large_image\" \/>\n<script type=\"application\/ld+json\" class=\"yoast-schema-graph\">{\"@context\":\"https:\\\/\\\/schema.org\",\"@graph\":[{\"@type\":\"WebPage\",\"@id\":\"https:\\\/\\\/berlinskejmodel.cz\\\/cs\\\/o-galerii-bm\\\/read-the-legend\\\/\",\"url\":\"https:\\\/\\\/berlinskejmodel.cz\\\/cs\\\/o-galerii-bm\\\/read-the-legend\\\/\",\"name\":\"Read the legend | Berl\u00ednskej Model\",\"isPartOf\":{\"@id\":\"https:\\\/\\\/berlinskejmodel.cz\\\/cs\\\/#website\"},\"datePublished\":\"2021-01-27T16:27:09+00:00\",\"dateModified\":\"2021-02-05T15:26:00+00:00\",\"description\":\"Tagov\u00e1n\u00ed v\u00fdstav skrze optiku fantasy her se m\u016f\u017ee jevit jako ozvl\u00e1\u0161tn\u011bn\u00ed, kter\u00e9 si libuje v dne\u0161n\u00edm revivalu deskovek a normalizaci hran\u00ed po\u010d\u00edta\u010dov\u00fdch her.\",\"breadcrumb\":{\"@id\":\"https:\\\/\\\/berlinskejmodel.cz\\\/cs\\\/o-galerii-bm\\\/read-the-legend\\\/#breadcrumb\"},\"inLanguage\":\"cs\",\"potentialAction\":[{\"@type\":\"ReadAction\",\"target\":[[\"https:\\\/\\\/berlinskejmodel.cz\\\/cs\\\/o-galerii-bm\\\/read-the-legend\\\/\"]]}]},{\"@type\":\"BreadcrumbList\",\"@id\":\"https:\\\/\\\/berlinskejmodel.cz\\\/cs\\\/o-galerii-bm\\\/read-the-legend\\\/#breadcrumb\",\"itemListElement\":[{\"@type\":\"ListItem\",\"position\":1,\"name\":\"Berl\u00ednskej Model\",\"item\":\"https:\\\/\\\/berlinskejmodel.cz\\\/cs\\\/\"},{\"@type\":\"ListItem\",\"position\":2,\"name\":\"Story\",\"item\":\"https:\\\/\\\/berlinskejmodel.cz\\\/cs\\\/o-galerii-bm\\\/\"},{\"@type\":\"ListItem\",\"position\":3,\"name\":\"Read the legend\"}]},{\"@type\":\"WebSite\",\"@id\":\"https:\\\/\\\/berlinskejmodel.cz\\\/cs\\\/#website\",\"url\":\"https:\\\/\\\/berlinskejmodel.cz\\\/cs\\\/\",\"name\":\"Berl\u00ednskej Model\",\"description\":\"\",\"publisher\":{\"@id\":\"https:\\\/\\\/berlinskejmodel.cz\\\/cs\\\/#organization\"},\"potentialAction\":[{\"@type\":\"SearchAction\",\"target\":{\"@type\":\"EntryPoint\",\"urlTemplate\":\"https:\\\/\\\/berlinskejmodel.cz\\\/cs\\\/?s={search_term_string}\"},\"query-input\":{\"@type\":\"PropertyValueSpecification\",\"valueRequired\":true,\"valueName\":\"search_term_string\"}}],\"inLanguage\":\"cs\"},{\"@type\":\"Organization\",\"@id\":\"https:\\\/\\\/berlinskejmodel.cz\\\/cs\\\/#organization\",\"name\":\"Berl\u00ednskej Model\",\"url\":\"https:\\\/\\\/berlinskejmodel.cz\\\/cs\\\/\",\"logo\":{\"@type\":\"ImageObject\",\"inLanguage\":\"cs\",\"@id\":\"https:\\\/\\\/berlinskejmodel.cz\\\/cs\\\/#\\\/schema\\\/logo\\\/image\\\/\",\"url\":\"https:\\\/\\\/berlinskejmodel.cz\\\/wp-content\\\/uploads\\\/2020\\\/11\\\/logo_v1.png\",\"contentUrl\":\"https:\\\/\\\/berlinskejmodel.cz\\\/wp-content\\\/uploads\\\/2020\\\/11\\\/logo_v1.png\",\"width\":512,\"height\":512,\"caption\":\"Berl\u00ednskej Model\"},\"image\":{\"@id\":\"https:\\\/\\\/berlinskejmodel.cz\\\/cs\\\/#\\\/schema\\\/logo\\\/image\\\/\"},\"sameAs\":[\"https:\\\/\\\/www.facebook.com\\\/berlinskejmodel\",\"https:\\\/\\\/www.instagram.com\\\/berlinskej_model\\\/\"]}]}<\/script>\n<!-- \/ Yoast SEO plugin. -->","yoast_head_json":{"title":"Read the legend | Berl\u00ednskej Model","description":"Tagov\u00e1n\u00ed v\u00fdstav skrze optiku fantasy her se m\u016f\u017ee jevit jako ozvl\u00e1\u0161tn\u011bn\u00ed, kter\u00e9 si libuje v dne\u0161n\u00edm revivalu deskovek a normalizaci hran\u00ed po\u010d\u00edta\u010dov\u00fdch her.","robots":{"index":"index","follow":"follow","max-snippet":"max-snippet:-1","max-image-preview":"max-image-preview:large","max-video-preview":"max-video-preview:-1"},"canonical":"https:\/\/berlinskejmodel.cz\/cs\/o-galerii-bm\/read-the-legend\/","og_locale":"cs_CZ","og_type":"article","og_title":"Read the legend | Berl\u00ednskej Model","og_description":"Tagov\u00e1n\u00ed v\u00fdstav skrze optiku fantasy her se m\u016f\u017ee jevit jako ozvl\u00e1\u0161tn\u011bn\u00ed, kter\u00e9 si libuje v dne\u0161n\u00edm revivalu deskovek a normalizaci hran\u00ed po\u010d\u00edta\u010dov\u00fdch her.","og_url":"https:\/\/berlinskejmodel.cz\/cs\/o-galerii-bm\/read-the-legend\/","og_site_name":"Berl\u00ednskej Model","article_publisher":"https:\/\/www.facebook.com\/berlinskejmodel","article_modified_time":"2021-02-05T15:26:00+00:00","og_image":[{"width":512,"height":512,"url":"https:\/\/berlinskejmodel.cz\/wp-content\/uploads\/2020\/11\/logo_v1.png","type":"image\/png"}],"twitter_card":"summary_large_image","schema":{"@context":"https:\/\/schema.org","@graph":[{"@type":"WebPage","@id":"https:\/\/berlinskejmodel.cz\/cs\/o-galerii-bm\/read-the-legend\/","url":"https:\/\/berlinskejmodel.cz\/cs\/o-galerii-bm\/read-the-legend\/","name":"Read the legend | Berl\u00ednskej Model","isPartOf":{"@id":"https:\/\/berlinskejmodel.cz\/cs\/#website"},"datePublished":"2021-01-27T16:27:09+00:00","dateModified":"2021-02-05T15:26:00+00:00","description":"Tagov\u00e1n\u00ed v\u00fdstav skrze optiku fantasy her se m\u016f\u017ee jevit jako ozvl\u00e1\u0161tn\u011bn\u00ed, kter\u00e9 si libuje v dne\u0161n\u00edm revivalu deskovek a normalizaci hran\u00ed po\u010d\u00edta\u010dov\u00fdch her.","breadcrumb":{"@id":"https:\/\/berlinskejmodel.cz\/cs\/o-galerii-bm\/read-the-legend\/#breadcrumb"},"inLanguage":"cs","potentialAction":[{"@type":"ReadAction","target":[["https:\/\/berlinskejmodel.cz\/cs\/o-galerii-bm\/read-the-legend\/"]]}]},{"@type":"BreadcrumbList","@id":"https:\/\/berlinskejmodel.cz\/cs\/o-galerii-bm\/read-the-legend\/#breadcrumb","itemListElement":[{"@type":"ListItem","position":1,"name":"Berl\u00ednskej Model","item":"https:\/\/berlinskejmodel.cz\/cs\/"},{"@type":"ListItem","position":2,"name":"Story","item":"https:\/\/berlinskejmodel.cz\/cs\/o-galerii-bm\/"},{"@type":"ListItem","position":3,"name":"Read the legend"}]},{"@type":"WebSite","@id":"https:\/\/berlinskejmodel.cz\/cs\/#website","url":"https:\/\/berlinskejmodel.cz\/cs\/","name":"Berl\u00ednskej Model","description":"","publisher":{"@id":"https:\/\/berlinskejmodel.cz\/cs\/#organization"},"potentialAction":[{"@type":"SearchAction","target":{"@type":"EntryPoint","urlTemplate":"https:\/\/berlinskejmodel.cz\/cs\/?s={search_term_string}"},"query-input":{"@type":"PropertyValueSpecification","valueRequired":true,"valueName":"search_term_string"}}],"inLanguage":"cs"},{"@type":"Organization","@id":"https:\/\/berlinskejmodel.cz\/cs\/#organization","name":"Berl\u00ednskej Model","url":"https:\/\/berlinskejmodel.cz\/cs\/","logo":{"@type":"ImageObject","inLanguage":"cs","@id":"https:\/\/berlinskejmodel.cz\/cs\/#\/schema\/logo\/image\/","url":"https:\/\/berlinskejmodel.cz\/wp-content\/uploads\/2020\/11\/logo_v1.png","contentUrl":"https:\/\/berlinskejmodel.cz\/wp-content\/uploads\/2020\/11\/logo_v1.png","width":512,"height":512,"caption":"Berl\u00ednskej Model"},"image":{"@id":"https:\/\/berlinskejmodel.cz\/cs\/#\/schema\/logo\/image\/"},"sameAs":["https:\/\/www.facebook.com\/berlinskejmodel","https:\/\/www.instagram.com\/berlinskej_model\/"]}]}},"_links":{"self":[{"href":"https:\/\/berlinskejmodel.cz\/cs\/wp-json\/wp\/v2\/pages\/4028","targetHints":{"allow":["GET"]}}],"collection":[{"href":"https:\/\/berlinskejmodel.cz\/cs\/wp-json\/wp\/v2\/pages"}],"about":[{"href":"https:\/\/berlinskejmodel.cz\/cs\/wp-json\/wp\/v2\/types\/page"}],"author":[{"embeddable":true,"href":"https:\/\/berlinskejmodel.cz\/cs\/wp-json\/wp\/v2\/users\/1"}],"replies":[{"embeddable":true,"href":"https:\/\/berlinskejmodel.cz\/cs\/wp-json\/wp\/v2\/comments?post=4028"}],"version-history":[{"count":0,"href":"https:\/\/berlinskejmodel.cz\/cs\/wp-json\/wp\/v2\/pages\/4028\/revisions"}],"up":[{"embeddable":true,"href":"https:\/\/berlinskejmodel.cz\/cs\/wp-json\/wp\/v2\/pages\/83"}],"wp:attachment":[{"href":"https:\/\/berlinskejmodel.cz\/cs\/wp-json\/wp\/v2\/media?parent=4028"}],"curies":[{"name":"wp","href":"https:\/\/api.w.org\/{rel}","templated":true}]}}