{"id":79,"date":"2020-11-17T15:56:16","date_gmt":"2020-11-17T14:56:16","guid":{"rendered":"https:\/\/bm.moravany.eu\/?page_id=79"},"modified":"2021-02-05T16:12:46","modified_gmt":"2021-02-05T15:12:46","slug":"vystavy","status":"publish","type":"page","link":"https:\/\/berlinskejmodel.cz\/cs\/vystavy\/","title":{"rendered":"V\u00fdstavy"},"content":{"rendered":"","protected":false},"excerpt":{"rendered":"","protected":false},"author":1,"featured_media":0,"parent":0,"menu_order":0,"comment_status":"closed","ping_status":"closed","template":"template_archives_vystavy.php","meta":{"_acf_changed":false,"footnotes":""},"class_list":["post-79","page","type-page","status-publish","hentry","wpautop"],"acf":[],"yoast_head":"<!-- This site is optimized with the Yoast SEO plugin v27.4 - https:\/\/yoast.com\/product\/yoast-seo-wordpress\/ -->\n<title>V\u00fdstavy | Berl\u00ednskej Model<\/title>\n<meta name=\"description\" content=\"Archiv v\u0161ech v\u00fdstav v galerii Berl\u00ednskej Model rozd\u011blen\u00fd podle jednotliv\u00fdch ro\u010dn\u00edk\u016f.\" \/>\n<meta name=\"robots\" content=\"index, follow, max-snippet:-1, max-image-preview:large, max-video-preview:-1\" \/>\n<link rel=\"canonical\" href=\"https:\/\/berlinskejmodel.cz\/cs\/vystavy\/\" \/>\n<meta property=\"og:locale\" content=\"cs_CZ\" \/>\n<meta property=\"og:type\" content=\"article\" \/>\n<meta property=\"og:title\" content=\"V\u00fdstavy | Berl\u00ednskej Model\" \/>\n<meta property=\"og:description\" content=\"Archiv v\u0161ech v\u00fdstav v galerii Berl\u00ednskej Model rozd\u011blen\u00fd podle jednotliv\u00fdch ro\u010dn\u00edk\u016f.\" \/>\n<meta property=\"og:url\" content=\"https:\/\/berlinskejmodel.cz\/cs\/vystavy\/\" \/>\n<meta property=\"og:site_name\" content=\"Berl\u00ednskej Model\" \/>\n<meta property=\"article:publisher\" content=\"https:\/\/www.facebook.com\/berlinskejmodel\" \/>\n<meta property=\"article:modified_time\" content=\"2021-02-05T15:12:46+00:00\" \/>\n<meta property=\"og:image\" content=\"https:\/\/berlinskejmodel.cz\/wp-content\/uploads\/2020\/11\/logo_v1.png\" \/>\n\t<meta property=\"og:image:width\" content=\"512\" \/>\n\t<meta property=\"og:image:height\" content=\"512\" \/>\n\t<meta property=\"og:image:type\" content=\"image\/png\" \/>\n<meta name=\"twitter:card\" content=\"summary_large_image\" \/>\n<script type=\"application\/ld+json\" class=\"yoast-schema-graph\">{\"@context\":\"https:\\\/\\\/schema.org\",\"@graph\":[{\"@type\":\"WebPage\",\"@id\":\"https:\\\/\\\/berlinskejmodel.cz\\\/cs\\\/vystavy\\\/\",\"url\":\"https:\\\/\\\/berlinskejmodel.cz\\\/cs\\\/vystavy\\\/\",\"name\":\"V\u00fdstavy | Berl\u00ednskej Model\",\"isPartOf\":{\"@id\":\"https:\\\/\\\/berlinskejmodel.cz\\\/cs\\\/#website\"},\"datePublished\":\"2020-11-17T14:56:16+00:00\",\"dateModified\":\"2021-02-05T15:12:46+00:00\",\"description\":\"Archiv v\u0161ech v\u00fdstav v galerii Berl\u00ednskej Model rozd\u011blen\u00fd podle jednotliv\u00fdch ro\u010dn\u00edk\u016f.\",\"breadcrumb\":{\"@id\":\"https:\\\/\\\/berlinskejmodel.cz\\\/cs\\\/vystavy\\\/#breadcrumb\"},\"inLanguage\":\"cs\",\"potentialAction\":[{\"@type\":\"ReadAction\",\"target\":[[\"https:\\\/\\\/berlinskejmodel.cz\\\/cs\\\/vystavy\\\/\"]]}]},{\"@type\":\"BreadcrumbList\",\"@id\":\"https:\\\/\\\/berlinskejmodel.cz\\\/cs\\\/vystavy\\\/#breadcrumb\",\"itemListElement\":[{\"@type\":\"ListItem\",\"position\":1,\"name\":\"Berl\u00ednskej Model\",\"item\":\"https:\\\/\\\/berlinskejmodel.cz\\\/cs\\\/\"},{\"@type\":\"ListItem\",\"position\":2,\"name\":\"V\u00fdstavy\"}]},{\"@type\":\"WebSite\",\"@id\":\"https:\\\/\\\/berlinskejmodel.cz\\\/cs\\\/#website\",\"url\":\"https:\\\/\\\/berlinskejmodel.cz\\\/cs\\\/\",\"name\":\"Berl\u00ednskej Model\",\"description\":\"\",\"publisher\":{\"@id\":\"https:\\\/\\\/berlinskejmodel.cz\\\/cs\\\/#organization\"},\"potentialAction\":[{\"@type\":\"SearchAction\",\"target\":{\"@type\":\"EntryPoint\",\"urlTemplate\":\"https:\\\/\\\/berlinskejmodel.cz\\\/cs\\\/?s={search_term_string}\"},\"query-input\":{\"@type\":\"PropertyValueSpecification\",\"valueRequired\":true,\"valueName\":\"search_term_string\"}}],\"inLanguage\":\"cs\"},{\"@type\":\"Organization\",\"@id\":\"https:\\\/\\\/berlinskejmodel.cz\\\/cs\\\/#organization\",\"name\":\"Berl\u00ednskej Model\",\"url\":\"https:\\\/\\\/berlinskejmodel.cz\\\/cs\\\/\",\"logo\":{\"@type\":\"ImageObject\",\"inLanguage\":\"cs\",\"@id\":\"https:\\\/\\\/berlinskejmodel.cz\\\/cs\\\/#\\\/schema\\\/logo\\\/image\\\/\",\"url\":\"https:\\\/\\\/berlinskejmodel.cz\\\/wp-content\\\/uploads\\\/2020\\\/11\\\/logo_v1.png\",\"contentUrl\":\"https:\\\/\\\/berlinskejmodel.cz\\\/wp-content\\\/uploads\\\/2020\\\/11\\\/logo_v1.png\",\"width\":512,\"height\":512,\"caption\":\"Berl\u00ednskej Model\"},\"image\":{\"@id\":\"https:\\\/\\\/berlinskejmodel.cz\\\/cs\\\/#\\\/schema\\\/logo\\\/image\\\/\"},\"sameAs\":[\"https:\\\/\\\/www.facebook.com\\\/berlinskejmodel\",\"https:\\\/\\\/www.instagram.com\\\/berlinskej_model\\\/\"]}]}<\/script>\n<!-- \/ Yoast SEO plugin. -->","yoast_head_json":{"title":"V\u00fdstavy | Berl\u00ednskej Model","description":"Archiv v\u0161ech v\u00fdstav v galerii Berl\u00ednskej Model rozd\u011blen\u00fd podle jednotliv\u00fdch ro\u010dn\u00edk\u016f.","robots":{"index":"index","follow":"follow","max-snippet":"max-snippet:-1","max-image-preview":"max-image-preview:large","max-video-preview":"max-video-preview:-1"},"canonical":"https:\/\/berlinskejmodel.cz\/cs\/vystavy\/","og_locale":"cs_CZ","og_type":"article","og_title":"V\u00fdstavy | Berl\u00ednskej Model","og_description":"Archiv v\u0161ech v\u00fdstav v galerii Berl\u00ednskej Model rozd\u011blen\u00fd podle jednotliv\u00fdch ro\u010dn\u00edk\u016f.","og_url":"https:\/\/berlinskejmodel.cz\/cs\/vystavy\/","og_site_name":"Berl\u00ednskej Model","article_publisher":"https:\/\/www.facebook.com\/berlinskejmodel","article_modified_time":"2021-02-05T15:12:46+00:00","og_image":[{"width":512,"height":512,"url":"https:\/\/berlinskejmodel.cz\/wp-content\/uploads\/2020\/11\/logo_v1.png","type":"image\/png"}],"twitter_card":"summary_large_image","schema":{"@context":"https:\/\/schema.org","@graph":[{"@type":"WebPage","@id":"https:\/\/berlinskejmodel.cz\/cs\/vystavy\/","url":"https:\/\/berlinskejmodel.cz\/cs\/vystavy\/","name":"V\u00fdstavy | Berl\u00ednskej Model","isPartOf":{"@id":"https:\/\/berlinskejmodel.cz\/cs\/#website"},"datePublished":"2020-11-17T14:56:16+00:00","dateModified":"2021-02-05T15:12:46+00:00","description":"Archiv v\u0161ech v\u00fdstav v galerii Berl\u00ednskej Model rozd\u011blen\u00fd podle jednotliv\u00fdch ro\u010dn\u00edk\u016f.","breadcrumb":{"@id":"https:\/\/berlinskejmodel.cz\/cs\/vystavy\/#breadcrumb"},"inLanguage":"cs","potentialAction":[{"@type":"ReadAction","target":[["https:\/\/berlinskejmodel.cz\/cs\/vystavy\/"]]}]},{"@type":"BreadcrumbList","@id":"https:\/\/berlinskejmodel.cz\/cs\/vystavy\/#breadcrumb","itemListElement":[{"@type":"ListItem","position":1,"name":"Berl\u00ednskej Model","item":"https:\/\/berlinskejmodel.cz\/cs\/"},{"@type":"ListItem","position":2,"name":"V\u00fdstavy"}]},{"@type":"WebSite","@id":"https:\/\/berlinskejmodel.cz\/cs\/#website","url":"https:\/\/berlinskejmodel.cz\/cs\/","name":"Berl\u00ednskej Model","description":"","publisher":{"@id":"https:\/\/berlinskejmodel.cz\/cs\/#organization"},"potentialAction":[{"@type":"SearchAction","target":{"@type":"EntryPoint","urlTemplate":"https:\/\/berlinskejmodel.cz\/cs\/?s={search_term_string}"},"query-input":{"@type":"PropertyValueSpecification","valueRequired":true,"valueName":"search_term_string"}}],"inLanguage":"cs"},{"@type":"Organization","@id":"https:\/\/berlinskejmodel.cz\/cs\/#organization","name":"Berl\u00ednskej Model","url":"https:\/\/berlinskejmodel.cz\/cs\/","logo":{"@type":"ImageObject","inLanguage":"cs","@id":"https:\/\/berlinskejmodel.cz\/cs\/#\/schema\/logo\/image\/","url":"https:\/\/berlinskejmodel.cz\/wp-content\/uploads\/2020\/11\/logo_v1.png","contentUrl":"https:\/\/berlinskejmodel.cz\/wp-content\/uploads\/2020\/11\/logo_v1.png","width":512,"height":512,"caption":"Berl\u00ednskej Model"},"image":{"@id":"https:\/\/berlinskejmodel.cz\/cs\/#\/schema\/logo\/image\/"},"sameAs":["https:\/\/www.facebook.com\/berlinskejmodel","https:\/\/www.instagram.com\/berlinskej_model\/"]}]}},"_links":{"self":[{"href":"https:\/\/berlinskejmodel.cz\/cs\/wp-json\/wp\/v2\/pages\/79","targetHints":{"allow":["GET"]}}],"collection":[{"href":"https:\/\/berlinskejmodel.cz\/cs\/wp-json\/wp\/v2\/pages"}],"about":[{"href":"https:\/\/berlinskejmodel.cz\/cs\/wp-json\/wp\/v2\/types\/page"}],"author":[{"embeddable":true,"href":"https:\/\/berlinskejmodel.cz\/cs\/wp-json\/wp\/v2\/users\/1"}],"replies":[{"embeddable":true,"href":"https:\/\/berlinskejmodel.cz\/cs\/wp-json\/wp\/v2\/comments?post=79"}],"version-history":[{"count":0,"href":"https:\/\/berlinskejmodel.cz\/cs\/wp-json\/wp\/v2\/pages\/79\/revisions"}],"wp:attachment":[{"href":"https:\/\/berlinskejmodel.cz\/cs\/wp-json\/wp\/v2\/media?parent=79"}],"curies":[{"name":"wp","href":"https:\/\/api.w.org\/{rel}","templated":true}]}}