{"id":83,"date":"2020-11-17T15:57:31","date_gmt":"2020-11-17T14:57:31","guid":{"rendered":"https:\/\/bm.moravany.eu\/?page_id=83"},"modified":"2021-03-31T10:25:55","modified_gmt":"2021-03-31T08:25:55","slug":"o-galerii-bm","status":"publish","type":"page","link":"https:\/\/berlinskejmodel.cz\/cs\/o-galerii-bm\/","title":{"rendered":"Story"},"content":{"rendered":"<p>Berlinskej Model p\u0159ipravuje v\u00fdstavy \u010desk\u00fdch a zahrani\u010dn\u00edch um\u011blc\u016f a \u00fa\u010dastn\u00ed se mezin\u00e1rodn\u00edch galerijn\u00edch p\u0159ehl\u00eddek. Dramaturgie BM usiluje o za\u010dlen\u011bn\u00ed \u010desk\u00e9ho um\u011bn\u00ed do mezin\u00e1rodn\u00edho kontextu, poskytuje prostor progresivn\u00edm my\u0161lenk\u00e1m a koncept\u016fm. Program se zam\u011b\u0159uje p\u0159edev\u0161\u00edm na sou\u010dasn\u00e9 um\u011bn\u00ed s p\u0159esahem do politiky, ekologie a do dal\u0161\u00edch spole\u010densky anga\u017eovan\u00fdch sm\u011br\u016f um\u011bleck\u00e9ho vyj\u00e1d\u0159en\u00ed. C\u00edlem BM je udr\u017eet si profil alternativn\u00ed galerie, kter\u00e1 dok\u00e1\u017ee rychle reagovat na progresivn\u00ed trendy a pot\u0159eby sv\u011bta um\u011bn\u00ed v r\u00e1mci spole\u010densk\u00e9 a ekologick\u00e9 odpov\u011bdnosti. BM chce h\u00e1jit prostor pro sf\u00e9ru um\u011bn\u00ed nepodl\u00e9haj\u00edc\u00ed kapit\u00e1lu a m\u00edsto pro tvorbu um\u011blc\u016f nepodl\u00e9haj\u00edc\u00ed komodifikaci. Galerie tak\u00e9 po\u0159\u00e1d\u00e1 workshopy, diskusn\u00ed panely, koncerty a vyd\u00e1v\u00e1 sv\u016fj vlastn\u00ed um\u011bleck\u00fd \u010dasopis RAJ\u00d8N s distribuc\u00ed v Praze a v Berl\u00edn\u011b.<\/p>\r\n\r\n<p>Vy\u0301jime\u010dnost galerie, s\u00eddl\u00edc\u00ed od roku 2011 v pra\u017esk\u00fdch Hole\u0161ovic\u00edch, spo\u010d\u00edv\u00e1 v unik\u00e1tn\u00edm konceptu, ktery\u0301 je zalo\u017een na kr\u00e1tkodob\u00fdch vy\u0301stav\u00e1ch st\u0159\u00eddaj\u00edc\u00edch se v rychl\u00e9m sledu n\u011bkolikr\u00e1t v m\u011bs\u00edci.<\/p>\r\n<div class=\"archeology-obal-1\"><a class=\"archeology\" href=\"https:\/\/archeology.berlinskejmodel.cz\">Archeology<\/a><\/div>\r\n<div class=\"archeology-obal-2\"><a class=\"archeology\" href=\"\/o-galerii-bm\/read-the-legend\/\">Read the legend<\/a><\/div>\r\n<div class=\"story-floor-plan-obal\"><img decoding=\"async\" class=\"floor-plan\" src=\"\/wp-content\/themes\/html5blank-stable\/img\/florplan_final.svg\" \/>\r\n<a class=\"download-floor-plan\" href=\"\/wp-content\/themes\/html5blank-stable\/img\/florplan_final.svg\" download=\"\">St\u00e1hnout<\/a><\/div>\r\n\r\n<span>V\u00fdstavn\u00ed projekty galerie jsou podpo\u0159eny Ministerstvem kultury \u010cR, Magistr\u00e1tem hlavn\u00edho m\u011bsta Praha, M\u011bstskou \u010d\u00e1st\u00ed Praha 7 a St\u00e1tn\u00edm fondem kultury \u010cR.<\/span><br><br>\r\n<span>Tento web byl podpo\u0159en Ministerstvem kultury \u010cR.<\/span>","protected":false},"excerpt":{"rendered":"Berlinskej Model p\u0159ipravuje v\u00fdstavy \u010desk\u00fdch a zahrani\u010dn\u00edch um\u011blc\u016f a \u00fa\u010dastn\u00ed se mezin\u00e1rodn\u00edch galerijn\u00edch p\u0159ehl\u00eddek. Dramaturgie BM usiluje o za\u010dlen\u011bn\u00ed \u010desk\u00e9ho um\u011bn\u00ed do mezin\u00e1rodn\u00edho kontextu, poskytuje prostor progresivn\u00edm my\u0161lenk\u00e1m a koncept\u016fm. Program se zam\u011b\u0159uje p\u0159edev\u0161\u00edm na sou\u010dasn\u00e9 um\u011bn\u00ed s p\u0159esahem do politiky, ekologie a do dal\u0161\u00edch spole\u010densky anga\u017eovan\u00fdch sm\u011br\u016f um\u011bleck\u00e9ho vyj\u00e1d\u0159en\u00ed. C\u00edlem BM je udr\u017eet si&#8230; <a class=\"view-article\" href=\"https:\/\/berlinskejmodel.cz\/cs\/o-galerii-bm\/\">View Article<\/a>","protected":false},"author":1,"featured_media":0,"parent":0,"menu_order":0,"comment_status":"closed","ping_status":"closed","template":"template-o-galerii.php","meta":{"_acf_changed":false,"footnotes":""},"class_list":["post-83","page","type-page","status-publish","hentry","no-wpautop"],"acf":[],"yoast_head":"<!-- This site is optimized with the Yoast SEO plugin v27.4 - https:\/\/yoast.com\/product\/yoast-seo-wordpress\/ -->\n<title>Story | Berl\u00ednskej Model<\/title>\n<meta name=\"description\" content=\"Berlinskej Model p\u0159ipravuje v\u00fdstavy \u010desk\u00fdch a zahrani\u010dn\u00edch um\u011blc\u016f a \u00fa\u010dastn\u00ed se mezin\u00e1rodn\u00edch galerijn\u00edch p\u0159ehl\u00eddek.\" \/>\n<meta name=\"robots\" content=\"index, follow, max-snippet:-1, max-image-preview:large, max-video-preview:-1\" \/>\n<link rel=\"canonical\" href=\"https:\/\/berlinskejmodel.cz\/cs\/o-galerii-bm\/\" \/>\n<meta property=\"og:locale\" content=\"cs_CZ\" \/>\n<meta property=\"og:type\" content=\"article\" \/>\n<meta property=\"og:title\" content=\"Story | Berl\u00ednskej Model\" \/>\n<meta property=\"og:description\" content=\"Berlinskej Model p\u0159ipravuje v\u00fdstavy \u010desk\u00fdch a zahrani\u010dn\u00edch um\u011blc\u016f a \u00fa\u010dastn\u00ed se mezin\u00e1rodn\u00edch galerijn\u00edch p\u0159ehl\u00eddek.\" \/>\n<meta property=\"og:url\" content=\"https:\/\/berlinskejmodel.cz\/cs\/o-galerii-bm\/\" \/>\n<meta property=\"og:site_name\" content=\"Berl\u00ednskej Model\" \/>\n<meta property=\"article:publisher\" content=\"https:\/\/www.facebook.com\/berlinskejmodel\" \/>\n<meta property=\"article:modified_time\" content=\"2021-03-31T08:25:55+00:00\" \/>\n<meta property=\"og:image\" content=\"https:\/\/berlinskejmodel.cz\/wp-content\/uploads\/2020\/11\/logo_v1.png\" \/>\n\t<meta property=\"og:image:width\" content=\"512\" \/>\n\t<meta property=\"og:image:height\" content=\"512\" \/>\n\t<meta property=\"og:image:type\" content=\"image\/png\" \/>\n<meta name=\"twitter:card\" content=\"summary_large_image\" \/>\n<script type=\"application\/ld+json\" class=\"yoast-schema-graph\">{\"@context\":\"https:\\\/\\\/schema.org\",\"@graph\":[{\"@type\":[\"WebPage\",\"AboutPage\"],\"@id\":\"https:\\\/\\\/berlinskejmodel.cz\\\/cs\\\/o-galerii-bm\\\/\",\"url\":\"https:\\\/\\\/berlinskejmodel.cz\\\/cs\\\/o-galerii-bm\\\/\",\"name\":\"Story | Berl\u00ednskej Model\",\"isPartOf\":{\"@id\":\"https:\\\/\\\/berlinskejmodel.cz\\\/cs\\\/#website\"},\"datePublished\":\"2020-11-17T14:57:31+00:00\",\"dateModified\":\"2021-03-31T08:25:55+00:00\",\"description\":\"Berlinskej Model p\u0159ipravuje v\u00fdstavy \u010desk\u00fdch a zahrani\u010dn\u00edch um\u011blc\u016f a \u00fa\u010dastn\u00ed se mezin\u00e1rodn\u00edch galerijn\u00edch p\u0159ehl\u00eddek.\",\"breadcrumb\":{\"@id\":\"https:\\\/\\\/berlinskejmodel.cz\\\/cs\\\/o-galerii-bm\\\/#breadcrumb\"},\"inLanguage\":\"cs\",\"potentialAction\":[{\"@type\":\"ReadAction\",\"target\":[[\"https:\\\/\\\/berlinskejmodel.cz\\\/cs\\\/o-galerii-bm\\\/\"]]}]},{\"@type\":\"BreadcrumbList\",\"@id\":\"https:\\\/\\\/berlinskejmodel.cz\\\/cs\\\/o-galerii-bm\\\/#breadcrumb\",\"itemListElement\":[{\"@type\":\"ListItem\",\"position\":1,\"name\":\"Berl\u00ednskej Model\",\"item\":\"https:\\\/\\\/berlinskejmodel.cz\\\/cs\\\/\"},{\"@type\":\"ListItem\",\"position\":2,\"name\":\"Story\"}]},{\"@type\":\"WebSite\",\"@id\":\"https:\\\/\\\/berlinskejmodel.cz\\\/cs\\\/#website\",\"url\":\"https:\\\/\\\/berlinskejmodel.cz\\\/cs\\\/\",\"name\":\"Berl\u00ednskej Model\",\"description\":\"\",\"publisher\":{\"@id\":\"https:\\\/\\\/berlinskejmodel.cz\\\/cs\\\/#organization\"},\"potentialAction\":[{\"@type\":\"SearchAction\",\"target\":{\"@type\":\"EntryPoint\",\"urlTemplate\":\"https:\\\/\\\/berlinskejmodel.cz\\\/cs\\\/?s={search_term_string}\"},\"query-input\":{\"@type\":\"PropertyValueSpecification\",\"valueRequired\":true,\"valueName\":\"search_term_string\"}}],\"inLanguage\":\"cs\"},{\"@type\":\"Organization\",\"@id\":\"https:\\\/\\\/berlinskejmodel.cz\\\/cs\\\/#organization\",\"name\":\"Berl\u00ednskej Model\",\"url\":\"https:\\\/\\\/berlinskejmodel.cz\\\/cs\\\/\",\"logo\":{\"@type\":\"ImageObject\",\"inLanguage\":\"cs\",\"@id\":\"https:\\\/\\\/berlinskejmodel.cz\\\/cs\\\/#\\\/schema\\\/logo\\\/image\\\/\",\"url\":\"https:\\\/\\\/berlinskejmodel.cz\\\/wp-content\\\/uploads\\\/2020\\\/11\\\/logo_v1.png\",\"contentUrl\":\"https:\\\/\\\/berlinskejmodel.cz\\\/wp-content\\\/uploads\\\/2020\\\/11\\\/logo_v1.png\",\"width\":512,\"height\":512,\"caption\":\"Berl\u00ednskej Model\"},\"image\":{\"@id\":\"https:\\\/\\\/berlinskejmodel.cz\\\/cs\\\/#\\\/schema\\\/logo\\\/image\\\/\"},\"sameAs\":[\"https:\\\/\\\/www.facebook.com\\\/berlinskejmodel\",\"https:\\\/\\\/www.instagram.com\\\/berlinskej_model\\\/\"]}]}<\/script>\n<!-- \/ Yoast SEO plugin. -->","yoast_head_json":{"title":"Story | Berl\u00ednskej Model","description":"Berlinskej Model p\u0159ipravuje v\u00fdstavy \u010desk\u00fdch a zahrani\u010dn\u00edch um\u011blc\u016f a \u00fa\u010dastn\u00ed se mezin\u00e1rodn\u00edch galerijn\u00edch p\u0159ehl\u00eddek.","robots":{"index":"index","follow":"follow","max-snippet":"max-snippet:-1","max-image-preview":"max-image-preview:large","max-video-preview":"max-video-preview:-1"},"canonical":"https:\/\/berlinskejmodel.cz\/cs\/o-galerii-bm\/","og_locale":"cs_CZ","og_type":"article","og_title":"Story | Berl\u00ednskej Model","og_description":"Berlinskej Model p\u0159ipravuje v\u00fdstavy \u010desk\u00fdch a zahrani\u010dn\u00edch um\u011blc\u016f a \u00fa\u010dastn\u00ed se mezin\u00e1rodn\u00edch galerijn\u00edch p\u0159ehl\u00eddek.","og_url":"https:\/\/berlinskejmodel.cz\/cs\/o-galerii-bm\/","og_site_name":"Berl\u00ednskej Model","article_publisher":"https:\/\/www.facebook.com\/berlinskejmodel","article_modified_time":"2021-03-31T08:25:55+00:00","og_image":[{"width":512,"height":512,"url":"https:\/\/berlinskejmodel.cz\/wp-content\/uploads\/2020\/11\/logo_v1.png","type":"image\/png"}],"twitter_card":"summary_large_image","schema":{"@context":"https:\/\/schema.org","@graph":[{"@type":["WebPage","AboutPage"],"@id":"https:\/\/berlinskejmodel.cz\/cs\/o-galerii-bm\/","url":"https:\/\/berlinskejmodel.cz\/cs\/o-galerii-bm\/","name":"Story | Berl\u00ednskej Model","isPartOf":{"@id":"https:\/\/berlinskejmodel.cz\/cs\/#website"},"datePublished":"2020-11-17T14:57:31+00:00","dateModified":"2021-03-31T08:25:55+00:00","description":"Berlinskej Model p\u0159ipravuje v\u00fdstavy \u010desk\u00fdch a zahrani\u010dn\u00edch um\u011blc\u016f a \u00fa\u010dastn\u00ed se mezin\u00e1rodn\u00edch galerijn\u00edch p\u0159ehl\u00eddek.","breadcrumb":{"@id":"https:\/\/berlinskejmodel.cz\/cs\/o-galerii-bm\/#breadcrumb"},"inLanguage":"cs","potentialAction":[{"@type":"ReadAction","target":[["https:\/\/berlinskejmodel.cz\/cs\/o-galerii-bm\/"]]}]},{"@type":"BreadcrumbList","@id":"https:\/\/berlinskejmodel.cz\/cs\/o-galerii-bm\/#breadcrumb","itemListElement":[{"@type":"ListItem","position":1,"name":"Berl\u00ednskej Model","item":"https:\/\/berlinskejmodel.cz\/cs\/"},{"@type":"ListItem","position":2,"name":"Story"}]},{"@type":"WebSite","@id":"https:\/\/berlinskejmodel.cz\/cs\/#website","url":"https:\/\/berlinskejmodel.cz\/cs\/","name":"Berl\u00ednskej Model","description":"","publisher":{"@id":"https:\/\/berlinskejmodel.cz\/cs\/#organization"},"potentialAction":[{"@type":"SearchAction","target":{"@type":"EntryPoint","urlTemplate":"https:\/\/berlinskejmodel.cz\/cs\/?s={search_term_string}"},"query-input":{"@type":"PropertyValueSpecification","valueRequired":true,"valueName":"search_term_string"}}],"inLanguage":"cs"},{"@type":"Organization","@id":"https:\/\/berlinskejmodel.cz\/cs\/#organization","name":"Berl\u00ednskej Model","url":"https:\/\/berlinskejmodel.cz\/cs\/","logo":{"@type":"ImageObject","inLanguage":"cs","@id":"https:\/\/berlinskejmodel.cz\/cs\/#\/schema\/logo\/image\/","url":"https:\/\/berlinskejmodel.cz\/wp-content\/uploads\/2020\/11\/logo_v1.png","contentUrl":"https:\/\/berlinskejmodel.cz\/wp-content\/uploads\/2020\/11\/logo_v1.png","width":512,"height":512,"caption":"Berl\u00ednskej Model"},"image":{"@id":"https:\/\/berlinskejmodel.cz\/cs\/#\/schema\/logo\/image\/"},"sameAs":["https:\/\/www.facebook.com\/berlinskejmodel","https:\/\/www.instagram.com\/berlinskej_model\/"]}]}},"_links":{"self":[{"href":"https:\/\/berlinskejmodel.cz\/cs\/wp-json\/wp\/v2\/pages\/83","targetHints":{"allow":["GET"]}}],"collection":[{"href":"https:\/\/berlinskejmodel.cz\/cs\/wp-json\/wp\/v2\/pages"}],"about":[{"href":"https:\/\/berlinskejmodel.cz\/cs\/wp-json\/wp\/v2\/types\/page"}],"author":[{"embeddable":true,"href":"https:\/\/berlinskejmodel.cz\/cs\/wp-json\/wp\/v2\/users\/1"}],"replies":[{"embeddable":true,"href":"https:\/\/berlinskejmodel.cz\/cs\/wp-json\/wp\/v2\/comments?post=83"}],"version-history":[{"count":0,"href":"https:\/\/berlinskejmodel.cz\/cs\/wp-json\/wp\/v2\/pages\/83\/revisions"}],"wp:attachment":[{"href":"https:\/\/berlinskejmodel.cz\/cs\/wp-json\/wp\/v2\/media?parent=83"}],"curies":[{"name":"wp","href":"https:\/\/api.w.org\/{rel}","templated":true}]}}