{"id":5447,"date":"2022-05-10T14:54:39","date_gmt":"2022-05-10T12:54:39","guid":{"rendered":"https:\/\/berlinskejmodel.cz\/?page_id=5447"},"modified":"2022-05-10T19:07:20","modified_gmt":"2022-05-10T17:07:20","slug":"rozhovory","status":"publish","type":"page","link":"https:\/\/berlinskejmodel.cz\/en\/rozhovory\/","title":{"rendered":"Interviews"},"content":{"rendered":"","protected":false},"excerpt":{"rendered":"","protected":false},"author":1,"featured_media":0,"parent":0,"menu_order":0,"comment_status":"closed","ping_status":"closed","template":"template_videa.php","meta":{"_acf_changed":false,"footnotes":""},"class_list":["post-5447","page","type-page","status-publish","hentry","wpautop"],"acf":[],"yoast_head":"<!-- This site is optimized with the Yoast SEO plugin v25.2 - https:\/\/yoast.com\/wordpress\/plugins\/seo\/ -->\n<title>Interviews | Berl\u00ednskej Model<\/title>\n<meta name=\"description\" content=\"Galerie Berlinskej Model nat\u00e1\u010d\u00ed ke ka\u017ed\u00e9 prob\u00edhaj\u00edc\u00ed v\u00fdstav\u011b rozhovor s um\u011blci, kte\u0159\u00ed tak prezentuj\u00ed sv\u00e9 n\u00e1zory \u010dase a kontextech.\" \/>\n<meta name=\"robots\" content=\"index, follow, max-snippet:-1, max-image-preview:large, max-video-preview:-1\" \/>\n<link rel=\"canonical\" href=\"https:\/\/berlinskejmodel.cz\/rozhovory\/\" \/>\n<meta property=\"og:locale\" content=\"en_US\" \/>\n<meta property=\"og:type\" content=\"article\" \/>\n<meta property=\"og:title\" content=\"Interviews | Berl\u00ednskej Model\" \/>\n<meta property=\"og:description\" content=\"Galerie Berlinskej Model nat\u00e1\u010d\u00ed ke ka\u017ed\u00e9 prob\u00edhaj\u00edc\u00ed v\u00fdstav\u011b rozhovor s um\u011blci, kte\u0159\u00ed tak prezentuj\u00ed sv\u00e9 n\u00e1zory \u010dase a kontextech.\" \/>\n<meta property=\"og:url\" content=\"https:\/\/berlinskejmodel.cz\/rozhovory\/\" \/>\n<meta property=\"og:site_name\" content=\"Berl\u00ednskej Model\" \/>\n<meta property=\"article:publisher\" content=\"https:\/\/www.facebook.com\/berlinskejmodel\" \/>\n<meta property=\"article:modified_time\" content=\"2022-05-10T17:07:20+00:00\" \/>\n<meta property=\"og:image\" content=\"https:\/\/berlinskejmodel.cz\/wp-content\/uploads\/2020\/11\/logo_v1.png\" \/>\n\t<meta property=\"og:image:width\" content=\"512\" \/>\n\t<meta property=\"og:image:height\" content=\"512\" \/>\n\t<meta property=\"og:image:type\" content=\"image\/png\" \/>\n<meta name=\"twitter:card\" content=\"summary_large_image\" \/>\n<script type=\"application\/ld+json\" class=\"yoast-schema-graph\">{\"@context\":\"https:\/\/schema.org\",\"@graph\":[{\"@type\":\"WebPage\",\"@id\":\"https:\/\/berlinskejmodel.cz\/rozhovory\/\",\"url\":\"https:\/\/berlinskejmodel.cz\/rozhovory\/\",\"name\":\"[:cs]Rozhovory[:en]Interviews[:] | Berl\u00ednskej Model\",\"isPartOf\":{\"@id\":\"https:\/\/berlinskejmodel.cz\/cs\/#website\"},\"datePublished\":\"2022-05-10T12:54:39+00:00\",\"dateModified\":\"2022-05-10T17:07:20+00:00\",\"description\":\"Galerie Berlinskej Model nat\u00e1\u010d\u00ed ke ka\u017ed\u00e9 prob\u00edhaj\u00edc\u00ed v\u00fdstav\u011b rozhovor s um\u011blci, kte\u0159\u00ed tak prezentuj\u00ed sv\u00e9 n\u00e1zory \u010dase a kontextech.\",\"breadcrumb\":{\"@id\":\"https:\/\/berlinskejmodel.cz\/rozhovory\/#breadcrumb\"},\"inLanguage\":\"en-US\",\"potentialAction\":[{\"@type\":\"ReadAction\",\"target\":[\"https:\/\/berlinskejmodel.cz\/rozhovory\/\"]}]},{\"@type\":\"BreadcrumbList\",\"@id\":\"https:\/\/berlinskejmodel.cz\/rozhovory\/#breadcrumb\",\"itemListElement\":[{\"@type\":\"ListItem\",\"position\":1,\"name\":\"Berl\u00ednskej Model\",\"item\":\"https:\/\/berlinskejmodel.cz\/\"},{\"@type\":\"ListItem\",\"position\":2,\"name\":\"Rozhovory\"}]},{\"@type\":\"WebSite\",\"@id\":\"https:\/\/berlinskejmodel.cz\/cs\/#website\",\"url\":\"https:\/\/berlinskejmodel.cz\/cs\/\",\"name\":\"Berl\u00ednskej Model\",\"description\":\"\",\"publisher\":{\"@id\":\"https:\/\/berlinskejmodel.cz\/cs\/#organization\"},\"potentialAction\":[{\"@type\":\"SearchAction\",\"target\":{\"@type\":\"EntryPoint\",\"urlTemplate\":\"https:\/\/berlinskejmodel.cz\/cs\/?s={search_term_string}\"},\"query-input\":{\"@type\":\"PropertyValueSpecification\",\"valueRequired\":true,\"valueName\":\"search_term_string\"}}],\"inLanguage\":\"en-US\"},{\"@type\":\"Organization\",\"@id\":\"https:\/\/berlinskejmodel.cz\/cs\/#organization\",\"name\":\"Berl\u00ednskej Model\",\"url\":\"https:\/\/berlinskejmodel.cz\/cs\/\",\"logo\":{\"@type\":\"ImageObject\",\"inLanguage\":\"en-US\",\"@id\":\"https:\/\/berlinskejmodel.cz\/cs\/#\/schema\/logo\/image\/\",\"url\":\"https:\/\/berlinskejmodel.cz\/wp-content\/uploads\/2020\/11\/logo_v1.png\",\"contentUrl\":\"https:\/\/berlinskejmodel.cz\/wp-content\/uploads\/2020\/11\/logo_v1.png\",\"width\":512,\"height\":512,\"caption\":\"Berl\u00ednskej Model\"},\"image\":{\"@id\":\"https:\/\/berlinskejmodel.cz\/cs\/#\/schema\/logo\/image\/\"},\"sameAs\":[\"https:\/\/www.facebook.com\/berlinskejmodel\",\"https:\/\/www.instagram.com\/berlinskej_model\/\"]}]}<\/script>\n<!-- \/ Yoast SEO plugin. -->","yoast_head_json":{"title":"Interviews | Berl\u00ednskej Model","description":"Galerie Berlinskej Model nat\u00e1\u010d\u00ed ke ka\u017ed\u00e9 prob\u00edhaj\u00edc\u00ed v\u00fdstav\u011b rozhovor s um\u011blci, kte\u0159\u00ed tak prezentuj\u00ed sv\u00e9 n\u00e1zory \u010dase a kontextech.","robots":{"index":"index","follow":"follow","max-snippet":"max-snippet:-1","max-image-preview":"max-image-preview:large","max-video-preview":"max-video-preview:-1"},"canonical":"https:\/\/berlinskejmodel.cz\/rozhovory\/","og_locale":"en_US","og_type":"article","og_title":"Interviews | Berl\u00ednskej Model","og_description":"Galerie Berlinskej Model nat\u00e1\u010d\u00ed ke ka\u017ed\u00e9 prob\u00edhaj\u00edc\u00ed v\u00fdstav\u011b rozhovor s um\u011blci, kte\u0159\u00ed tak prezentuj\u00ed sv\u00e9 n\u00e1zory \u010dase a kontextech.","og_url":"https:\/\/berlinskejmodel.cz\/rozhovory\/","og_site_name":"Berl\u00ednskej Model","article_publisher":"https:\/\/www.facebook.com\/berlinskejmodel","article_modified_time":"2022-05-10T17:07:20+00:00","og_image":[{"width":512,"height":512,"url":"https:\/\/berlinskejmodel.cz\/wp-content\/uploads\/2020\/11\/logo_v1.png","type":"image\/png"}],"twitter_card":"summary_large_image","schema":{"@context":"https:\/\/schema.org","@graph":[{"@type":"WebPage","@id":"https:\/\/berlinskejmodel.cz\/rozhovory\/","url":"https:\/\/berlinskejmodel.cz\/rozhovory\/","name":"[:cs]Rozhovory[:en]Interviews[:] | Berl\u00ednskej Model","isPartOf":{"@id":"https:\/\/berlinskejmodel.cz\/cs\/#website"},"datePublished":"2022-05-10T12:54:39+00:00","dateModified":"2022-05-10T17:07:20+00:00","description":"Galerie Berlinskej Model nat\u00e1\u010d\u00ed ke ka\u017ed\u00e9 prob\u00edhaj\u00edc\u00ed v\u00fdstav\u011b rozhovor s um\u011blci, kte\u0159\u00ed tak prezentuj\u00ed sv\u00e9 n\u00e1zory \u010dase a kontextech.","breadcrumb":{"@id":"https:\/\/berlinskejmodel.cz\/rozhovory\/#breadcrumb"},"inLanguage":"en-US","potentialAction":[{"@type":"ReadAction","target":["https:\/\/berlinskejmodel.cz\/rozhovory\/"]}]},{"@type":"BreadcrumbList","@id":"https:\/\/berlinskejmodel.cz\/rozhovory\/#breadcrumb","itemListElement":[{"@type":"ListItem","position":1,"name":"Berl\u00ednskej Model","item":"https:\/\/berlinskejmodel.cz\/"},{"@type":"ListItem","position":2,"name":"Rozhovory"}]},{"@type":"WebSite","@id":"https:\/\/berlinskejmodel.cz\/cs\/#website","url":"https:\/\/berlinskejmodel.cz\/cs\/","name":"Berl\u00ednskej Model","description":"","publisher":{"@id":"https:\/\/berlinskejmodel.cz\/cs\/#organization"},"potentialAction":[{"@type":"SearchAction","target":{"@type":"EntryPoint","urlTemplate":"https:\/\/berlinskejmodel.cz\/cs\/?s={search_term_string}"},"query-input":{"@type":"PropertyValueSpecification","valueRequired":true,"valueName":"search_term_string"}}],"inLanguage":"en-US"},{"@type":"Organization","@id":"https:\/\/berlinskejmodel.cz\/cs\/#organization","name":"Berl\u00ednskej Model","url":"https:\/\/berlinskejmodel.cz\/cs\/","logo":{"@type":"ImageObject","inLanguage":"en-US","@id":"https:\/\/berlinskejmodel.cz\/cs\/#\/schema\/logo\/image\/","url":"https:\/\/berlinskejmodel.cz\/wp-content\/uploads\/2020\/11\/logo_v1.png","contentUrl":"https:\/\/berlinskejmodel.cz\/wp-content\/uploads\/2020\/11\/logo_v1.png","width":512,"height":512,"caption":"Berl\u00ednskej Model"},"image":{"@id":"https:\/\/berlinskejmodel.cz\/cs\/#\/schema\/logo\/image\/"},"sameAs":["https:\/\/www.facebook.com\/berlinskejmodel","https:\/\/www.instagram.com\/berlinskej_model\/"]}]}},"_links":{"self":[{"href":"https:\/\/berlinskejmodel.cz\/en\/wp-json\/wp\/v2\/pages\/5447","targetHints":{"allow":["GET"]}}],"collection":[{"href":"https:\/\/berlinskejmodel.cz\/en\/wp-json\/wp\/v2\/pages"}],"about":[{"href":"https:\/\/berlinskejmodel.cz\/en\/wp-json\/wp\/v2\/types\/page"}],"author":[{"embeddable":true,"href":"https:\/\/berlinskejmodel.cz\/en\/wp-json\/wp\/v2\/users\/1"}],"replies":[{"embeddable":true,"href":"https:\/\/berlinskejmodel.cz\/en\/wp-json\/wp\/v2\/comments?post=5447"}],"version-history":[{"count":2,"href":"https:\/\/berlinskejmodel.cz\/en\/wp-json\/wp\/v2\/pages\/5447\/revisions"}],"predecessor-version":[{"id":5449,"href":"https:\/\/berlinskejmodel.cz\/en\/wp-json\/wp\/v2\/pages\/5447\/revisions\/5449"}],"wp:attachment":[{"href":"https:\/\/berlinskejmodel.cz\/en\/wp-json\/wp\/v2\/media?parent=5447"}],"curies":[{"name":"wp","href":"https:\/\/api.w.org\/{rel}","templated":true}]}}