{"id":75,"date":"2020-11-17T15:32:47","date_gmt":"2020-11-17T14:32:47","guid":{"rendered":"https:\/\/bm.moravany.eu\/?page_id=75"},"modified":"2025-09-15T08:21:12","modified_gmt":"2025-09-15T06:21:12","slug":"berlinskej-model","status":"publish","type":"page","link":"https:\/\/berlinskejmodel.cz\/en\/","title":{"rendered":"Berlinskej Model"},"content":{"rendered":"<p>Berlinskej Model is a contemporary art gallery providing a platform for artists to exhibit work concerned with politics, ecology and other socially engaged themes.<\/p>\r\n<p>The gallery is supported by the Ministry of Culture of the Czech Republic, Prague City Hall, Prague 7, and the Czech Cultural Fund.<\/p>\r\n\r\n<div class=\"bm_social_home\"><a href=\"https:\/\/www.instagram.com\/berlinskej_model\/\" target=\"_blank\" rel=\"noopener noreferrer\">instagram<\/a>\r\n<a href=\"https:\/\/www.facebook.com\/berlinskejmodel\" target=\"_blank\" rel=\"noopener noreferrer\">facebook<\/a><\/div>","protected":false},"excerpt":{"rendered":"Berlinskej Model is a contemporary art gallery providing a platform for artists to exhibit work concerned with politics, ecology and other socially engaged themes. The gallery is supported by the Ministry of Culture of the Czech Republic, Prague City Hall, Prague 7, and the Czech Cultural Fund. instagram facebook","protected":false},"author":1,"featured_media":0,"parent":0,"menu_order":0,"comment_status":"closed","ping_status":"closed","template":"template_homepage.php","meta":{"_acf_changed":false,"footnotes":""},"class_list":["post-75","page","type-page","status-publish","hentry","no-wpautop"],"acf":[],"yoast_head":"<!-- This site is optimized with the Yoast SEO plugin v27.4 - https:\/\/yoast.com\/product\/yoast-seo-wordpress\/ -->\n<title>Berl\u00ednskej Model<\/title>\n<meta name=\"description\" content=\"Berl\u00ednskej Model je galerie sou\u010dasn\u00e9ho um\u011bn\u00ed a platforma poskytuj\u00edc\u00ed m\u00edsto pro um\u011bleckou praxi s p\u0159esahy p\u0159edev\u0161\u00edm do politiky a ekologie.\" \/>\n<meta name=\"robots\" content=\"index, follow, max-snippet:-1, max-image-preview:large, max-video-preview:-1\" \/>\n<link rel=\"canonical\" href=\"https:\/\/berlinskejmodel.cz\/en\/\" \/>\n<meta property=\"og:locale\" content=\"en_US\" \/>\n<meta property=\"og:type\" content=\"article\" \/>\n<meta property=\"og:title\" content=\"Berl\u00ednskej Model\" \/>\n<meta property=\"og:description\" content=\"Berl\u00ednskej Model je galerie sou\u010dasn\u00e9ho um\u011bn\u00ed a platforma poskytuj\u00edc\u00ed m\u00edsto pro um\u011bleckou praxi s p\u0159esahy p\u0159edev\u0161\u00edm do politiky a ekologie.\" \/>\n<meta property=\"og:url\" content=\"https:\/\/berlinskejmodel.cz\/en\/\" \/>\n<meta property=\"og:site_name\" content=\"Berl\u00ednskej Model\" \/>\n<meta property=\"article:publisher\" content=\"https:\/\/www.facebook.com\/berlinskejmodel\" \/>\n<meta property=\"article:modified_time\" content=\"2025-09-15T06:21:12+00:00\" \/>\n<meta property=\"og:image\" content=\"https:\/\/berlinskejmodel.cz\/wp-content\/uploads\/2020\/11\/logo_v1.png\" \/>\n\t<meta property=\"og:image:width\" content=\"512\" \/>\n\t<meta property=\"og:image:height\" content=\"512\" \/>\n\t<meta property=\"og:image:type\" content=\"image\/png\" \/>\n<meta name=\"twitter:card\" content=\"summary_large_image\" \/>\n<script type=\"application\/ld+json\" class=\"yoast-schema-graph\">{\"@context\":\"https:\\\/\\\/schema.org\",\"@graph\":[{\"@type\":\"WebPage\",\"@id\":\"https:\\\/\\\/berlinskejmodel.cz\\\/en\\\/\",\"url\":\"https:\\\/\\\/berlinskejmodel.cz\\\/en\\\/\",\"name\":\"Berl\u00ednskej Model\",\"isPartOf\":{\"@id\":\"https:\\\/\\\/berlinskejmodel.cz\\\/en\\\/#website\"},\"datePublished\":\"2020-11-17T14:32:47+00:00\",\"dateModified\":\"2025-09-15T06:21:12+00:00\",\"description\":\"Berl\u00ednskej Model je galerie sou\u010dasn\u00e9ho um\u011bn\u00ed a platforma poskytuj\u00edc\u00ed m\u00edsto pro um\u011bleckou praxi s p\u0159esahy p\u0159edev\u0161\u00edm do politiky a ekologie.\",\"breadcrumb\":{\"@id\":\"https:\\\/\\\/berlinskejmodel.cz\\\/en\\\/#breadcrumb\"},\"inLanguage\":\"en-US\",\"potentialAction\":[{\"@type\":\"ReadAction\",\"target\":[[\"https:\\\/\\\/berlinskejmodel.cz\\\/en\\\/\"]]}]},{\"@type\":\"BreadcrumbList\",\"@id\":\"https:\\\/\\\/berlinskejmodel.cz\\\/en\\\/#breadcrumb\",\"itemListElement\":[{\"@type\":\"ListItem\",\"position\":1,\"name\":\"Berl\u00ednskej Model\",\"item\":\"https:\\\/\\\/berlinskejmodel.cz\\\/en\\\/\"},{\"@type\":\"ListItem\",\"position\":2,\"name\":\"Berl\u00ednskej Model\"}]},{\"@type\":\"WebSite\",\"@id\":\"https:\\\/\\\/berlinskejmodel.cz\\\/en\\\/#website\",\"url\":\"https:\\\/\\\/berlinskejmodel.cz\\\/en\\\/\",\"name\":\"Berl\u00ednskej Model\",\"description\":\"\",\"publisher\":{\"@id\":\"https:\\\/\\\/berlinskejmodel.cz\\\/en\\\/#organization\"},\"potentialAction\":[{\"@type\":\"SearchAction\",\"target\":{\"@type\":\"EntryPoint\",\"urlTemplate\":\"https:\\\/\\\/berlinskejmodel.cz\\\/en\\\/?s={search_term_string}\"},\"query-input\":{\"@type\":\"PropertyValueSpecification\",\"valueRequired\":true,\"valueName\":\"search_term_string\"}}],\"inLanguage\":\"en-US\"},{\"@type\":\"Organization\",\"@id\":\"https:\\\/\\\/berlinskejmodel.cz\\\/en\\\/#organization\",\"name\":\"Berl\u00ednskej Model\",\"url\":\"https:\\\/\\\/berlinskejmodel.cz\\\/en\\\/\",\"logo\":{\"@type\":\"ImageObject\",\"inLanguage\":\"en-US\",\"@id\":\"https:\\\/\\\/berlinskejmodel.cz\\\/en\\\/#\\\/schema\\\/logo\\\/image\\\/\",\"url\":\"https:\\\/\\\/berlinskejmodel.cz\\\/wp-content\\\/uploads\\\/2020\\\/11\\\/logo_v1.png\",\"contentUrl\":\"https:\\\/\\\/berlinskejmodel.cz\\\/wp-content\\\/uploads\\\/2020\\\/11\\\/logo_v1.png\",\"width\":512,\"height\":512,\"caption\":\"Berl\u00ednskej Model\"},\"image\":{\"@id\":\"https:\\\/\\\/berlinskejmodel.cz\\\/en\\\/#\\\/schema\\\/logo\\\/image\\\/\"},\"sameAs\":[\"https:\\\/\\\/www.facebook.com\\\/berlinskejmodel\",\"https:\\\/\\\/www.instagram.com\\\/berlinskej_model\\\/\"]}]}<\/script>\n<!-- \/ Yoast SEO plugin. -->","yoast_head_json":{"title":"Berl\u00ednskej Model","description":"Berl\u00ednskej Model je galerie sou\u010dasn\u00e9ho um\u011bn\u00ed a platforma poskytuj\u00edc\u00ed m\u00edsto pro um\u011bleckou praxi s p\u0159esahy p\u0159edev\u0161\u00edm do politiky a ekologie.","robots":{"index":"index","follow":"follow","max-snippet":"max-snippet:-1","max-image-preview":"max-image-preview:large","max-video-preview":"max-video-preview:-1"},"canonical":"https:\/\/berlinskejmodel.cz\/en\/","og_locale":"en_US","og_type":"article","og_title":"Berl\u00ednskej Model","og_description":"Berl\u00ednskej Model je galerie sou\u010dasn\u00e9ho um\u011bn\u00ed a platforma poskytuj\u00edc\u00ed m\u00edsto pro um\u011bleckou praxi s p\u0159esahy p\u0159edev\u0161\u00edm do politiky a ekologie.","og_url":"https:\/\/berlinskejmodel.cz\/en\/","og_site_name":"Berl\u00ednskej Model","article_publisher":"https:\/\/www.facebook.com\/berlinskejmodel","article_modified_time":"2025-09-15T06:21:12+00:00","og_image":[{"width":512,"height":512,"url":"https:\/\/berlinskejmodel.cz\/wp-content\/uploads\/2020\/11\/logo_v1.png","type":"image\/png"}],"twitter_card":"summary_large_image","schema":{"@context":"https:\/\/schema.org","@graph":[{"@type":"WebPage","@id":"https:\/\/berlinskejmodel.cz\/en\/","url":"https:\/\/berlinskejmodel.cz\/en\/","name":"Berl\u00ednskej Model","isPartOf":{"@id":"https:\/\/berlinskejmodel.cz\/en\/#website"},"datePublished":"2020-11-17T14:32:47+00:00","dateModified":"2025-09-15T06:21:12+00:00","description":"Berl\u00ednskej Model je galerie sou\u010dasn\u00e9ho um\u011bn\u00ed a platforma poskytuj\u00edc\u00ed m\u00edsto pro um\u011bleckou praxi s p\u0159esahy p\u0159edev\u0161\u00edm do politiky a ekologie.","breadcrumb":{"@id":"https:\/\/berlinskejmodel.cz\/en\/#breadcrumb"},"inLanguage":"en-US","potentialAction":[{"@type":"ReadAction","target":[["https:\/\/berlinskejmodel.cz\/en\/"]]}]},{"@type":"BreadcrumbList","@id":"https:\/\/berlinskejmodel.cz\/en\/#breadcrumb","itemListElement":[{"@type":"ListItem","position":1,"name":"Berl\u00ednskej Model","item":"https:\/\/berlinskejmodel.cz\/en\/"},{"@type":"ListItem","position":2,"name":"Berl\u00ednskej Model"}]},{"@type":"WebSite","@id":"https:\/\/berlinskejmodel.cz\/en\/#website","url":"https:\/\/berlinskejmodel.cz\/en\/","name":"Berl\u00ednskej Model","description":"","publisher":{"@id":"https:\/\/berlinskejmodel.cz\/en\/#organization"},"potentialAction":[{"@type":"SearchAction","target":{"@type":"EntryPoint","urlTemplate":"https:\/\/berlinskejmodel.cz\/en\/?s={search_term_string}"},"query-input":{"@type":"PropertyValueSpecification","valueRequired":true,"valueName":"search_term_string"}}],"inLanguage":"en-US"},{"@type":"Organization","@id":"https:\/\/berlinskejmodel.cz\/en\/#organization","name":"Berl\u00ednskej Model","url":"https:\/\/berlinskejmodel.cz\/en\/","logo":{"@type":"ImageObject","inLanguage":"en-US","@id":"https:\/\/berlinskejmodel.cz\/en\/#\/schema\/logo\/image\/","url":"https:\/\/berlinskejmodel.cz\/wp-content\/uploads\/2020\/11\/logo_v1.png","contentUrl":"https:\/\/berlinskejmodel.cz\/wp-content\/uploads\/2020\/11\/logo_v1.png","width":512,"height":512,"caption":"Berl\u00ednskej Model"},"image":{"@id":"https:\/\/berlinskejmodel.cz\/en\/#\/schema\/logo\/image\/"},"sameAs":["https:\/\/www.facebook.com\/berlinskejmodel","https:\/\/www.instagram.com\/berlinskej_model\/"]}]}},"_links":{"self":[{"href":"https:\/\/berlinskejmodel.cz\/en\/wp-json\/wp\/v2\/pages\/75","targetHints":{"allow":["GET"]}}],"collection":[{"href":"https:\/\/berlinskejmodel.cz\/en\/wp-json\/wp\/v2\/pages"}],"about":[{"href":"https:\/\/berlinskejmodel.cz\/en\/wp-json\/wp\/v2\/types\/page"}],"author":[{"embeddable":true,"href":"https:\/\/berlinskejmodel.cz\/en\/wp-json\/wp\/v2\/users\/1"}],"replies":[{"embeddable":true,"href":"https:\/\/berlinskejmodel.cz\/en\/wp-json\/wp\/v2\/comments?post=75"}],"version-history":[{"count":13,"href":"https:\/\/berlinskejmodel.cz\/en\/wp-json\/wp\/v2\/pages\/75\/revisions"}],"predecessor-version":[{"id":6678,"href":"https:\/\/berlinskejmodel.cz\/en\/wp-json\/wp\/v2\/pages\/75\/revisions\/6678"}],"wp:attachment":[{"href":"https:\/\/berlinskejmodel.cz\/en\/wp-json\/wp\/v2\/media?parent=75"}],"curies":[{"name":"wp","href":"https:\/\/api.w.org\/{rel}","templated":true}]}}