{"id":87,"date":"2020-11-17T15:58:04","date_gmt":"2020-11-17T14:58:04","guid":{"rendered":"https:\/\/bm.moravany.eu\/?page_id=87"},"modified":"2025-07-29T11:34:06","modified_gmt":"2025-07-29T09:34:06","slug":"kontakt","status":"publish","type":"page","link":"https:\/\/berlinskejmodel.cz\/en\/kontakt\/","title":{"rendered":"Contact"},"content":{"rendered":"<a href=\"https:\/\/www.instagram.com\/berlinskej_model\/\" target=\"_blank\" rel=\"noopener noreferrer\">Instagram<\/a>\r\n<a href=\"https:\/\/www.facebook.com\/berlinskejmodel\" target=\"_blank\" rel=\"noopener noreferrer\">Facebook<\/a>\r\n\r\n<p>Spolek BM, ID: 01495003<br>\r\nPplk. Sochora 9<br>\r\n170 00 Prague 7<\/p>\r\n\r\n<a class=\"kontakt-email\" href=\"mailto:info@berlinskejmodel.cz\">info@berlinskejmodel.cz<\/a>\r\n\r\n<p>Karol\u00edna Volesk\u00e1<\/p>\r\n<a href=\"tel:+420739111280\">+420 739 111 280<\/a>\r\n\r\n<p>Richard Bakes<\/p>\r\n\r\n<a href=\"mailto:richard.bakes@berlinskejmodel.cz\">richard.bakes@berlinskejmodel.cz<\/a>\r\n<!--<a href=\"tel:+420774905194\">+420 774 905 194<\/a>-->\r\n\r\n<p>Lenka Bakes<\/p>\r\n\r\n<a href=\"mailto:lenka.bakes@berlinskejmodel.cz\">lenka.bakes@berlinskejmodel.cz<\/a>\r\n<br><br><br>\r\n<span class=\"produkce\">Production \/ Grant specialist<\/span>\r\n<p>Veronika Zapatov\u00e1<\/p>\r\n\r\n<a href=\"mailto:zapatovav@gmail.com\">zapatovav@gmail.com<\/a>","protected":false},"excerpt":{"rendered":"Instagram Facebook Spolek BM, ID: 01495003 Pplk. Sochora 9 170 00 Prague 7 info@berlinskejmodel.cz Karol\u00edna Volesk\u00e1 +420 739 111 280 Richard Bakes richard.bakes@berlinskejmodel.cz Lenka Bakes lenka.bakes@berlinskejmodel.cz Production \/ Grant specialist Veronika Zapatov\u00e1 zapatovav@gmail.com","protected":false},"author":1,"featured_media":0,"parent":0,"menu_order":0,"comment_status":"closed","ping_status":"closed","template":"template-kontakt.php","meta":{"_acf_changed":false,"footnotes":""},"class_list":["post-87","page","type-page","status-publish","hentry","no-wpautop"],"acf":[],"yoast_head":"<!-- This site is optimized with the Yoast SEO plugin v25.2 - https:\/\/yoast.com\/wordpress\/plugins\/seo\/ -->\n<title>Contact | Berl\u00ednskej Model<\/title>\n<meta name=\"description\" content=\"Contact the gallery by phone, email or social networks.\" \/>\n<meta name=\"robots\" content=\"index, follow, max-snippet:-1, max-image-preview:large, max-video-preview:-1\" \/>\n<link rel=\"canonical\" href=\"https:\/\/berlinskejmodel.cz\/kontakt\/\" \/>\n<meta property=\"og:locale\" content=\"en_US\" \/>\n<meta property=\"og:type\" content=\"article\" \/>\n<meta property=\"og:title\" content=\"Contact | Berl\u00ednskej Model\" \/>\n<meta property=\"og:description\" content=\"[:cs]Kontaktujte galerii telefonicky, emailem nebo na soci\u00e1ln\u00edch s\u00edt\u00edch.[:en]Contact the gallery by phone, email or social networks.[:]\" \/>\n<meta property=\"og:url\" content=\"https:\/\/berlinskejmodel.cz\/kontakt\/\" \/>\n<meta property=\"og:site_name\" content=\"Berl\u00ednskej Model\" \/>\n<meta property=\"article:publisher\" content=\"https:\/\/www.facebook.com\/berlinskejmodel\" \/>\n<meta property=\"article:modified_time\" content=\"2025-07-29T09:34:06+00:00\" \/>\n<meta property=\"og:image\" content=\"https:\/\/berlinskejmodel.cz\/wp-content\/uploads\/2020\/11\/logo_v1.png\" \/>\n\t<meta property=\"og:image:width\" content=\"512\" \/>\n\t<meta property=\"og:image:height\" content=\"512\" \/>\n\t<meta property=\"og:image:type\" content=\"image\/png\" \/>\n<meta name=\"twitter:card\" content=\"summary_large_image\" \/>\n<script type=\"application\/ld+json\" class=\"yoast-schema-graph\">{\"@context\":\"https:\/\/schema.org\",\"@graph\":[{\"@type\":[\"WebPage\",\"ContactPage\"],\"@id\":\"https:\/\/berlinskejmodel.cz\/kontakt\/\",\"url\":\"https:\/\/berlinskejmodel.cz\/kontakt\/\",\"name\":\"[:cs]Kontakt[:en]Contact[:] | Berl\u00ednskej Model\",\"isPartOf\":{\"@id\":\"https:\/\/berlinskejmodel.cz\/cs\/#website\"},\"datePublished\":\"2020-11-17T14:58:04+00:00\",\"dateModified\":\"2025-07-29T09:34:06+00:00\",\"description\":\"[:cs]Kontaktujte galerii telefonicky, emailem nebo na soci\u00e1ln\u00edch s\u00edt\u00edch.[:en]Contact the gallery by phone, email or social networks.[:]\",\"breadcrumb\":{\"@id\":\"https:\/\/berlinskejmodel.cz\/kontakt\/#breadcrumb\"},\"inLanguage\":\"en-US\",\"potentialAction\":[{\"@type\":\"ReadAction\",\"target\":[\"https:\/\/berlinskejmodel.cz\/kontakt\/\"]}]},{\"@type\":\"BreadcrumbList\",\"@id\":\"https:\/\/berlinskejmodel.cz\/kontakt\/#breadcrumb\",\"itemListElement\":[{\"@type\":\"ListItem\",\"position\":1,\"name\":\"Berl\u00ednskej Model\",\"item\":\"https:\/\/berlinskejmodel.cz\/\"},{\"@type\":\"ListItem\",\"position\":2,\"name\":\"Kontakt\"}]},{\"@type\":\"WebSite\",\"@id\":\"https:\/\/berlinskejmodel.cz\/cs\/#website\",\"url\":\"https:\/\/berlinskejmodel.cz\/cs\/\",\"name\":\"Berl\u00ednskej Model\",\"description\":\"\",\"publisher\":{\"@id\":\"https:\/\/berlinskejmodel.cz\/cs\/#organization\"},\"potentialAction\":[{\"@type\":\"SearchAction\",\"target\":{\"@type\":\"EntryPoint\",\"urlTemplate\":\"https:\/\/berlinskejmodel.cz\/cs\/?s={search_term_string}\"},\"query-input\":{\"@type\":\"PropertyValueSpecification\",\"valueRequired\":true,\"valueName\":\"search_term_string\"}}],\"inLanguage\":\"en-US\"},{\"@type\":\"Organization\",\"@id\":\"https:\/\/berlinskejmodel.cz\/cs\/#organization\",\"name\":\"Berl\u00ednskej Model\",\"url\":\"https:\/\/berlinskejmodel.cz\/cs\/\",\"logo\":{\"@type\":\"ImageObject\",\"inLanguage\":\"en-US\",\"@id\":\"https:\/\/berlinskejmodel.cz\/cs\/#\/schema\/logo\/image\/\",\"url\":\"https:\/\/berlinskejmodel.cz\/wp-content\/uploads\/2020\/11\/logo_v1.png\",\"contentUrl\":\"https:\/\/berlinskejmodel.cz\/wp-content\/uploads\/2020\/11\/logo_v1.png\",\"width\":512,\"height\":512,\"caption\":\"Berl\u00ednskej Model\"},\"image\":{\"@id\":\"https:\/\/berlinskejmodel.cz\/cs\/#\/schema\/logo\/image\/\"},\"sameAs\":[\"https:\/\/www.facebook.com\/berlinskejmodel\",\"https:\/\/www.instagram.com\/berlinskej_model\/\"]}]}<\/script>\n<!-- \/ Yoast SEO plugin. -->","yoast_head_json":{"title":"Contact | Berl\u00ednskej Model","description":"Contact the gallery by phone, email or social networks.","robots":{"index":"index","follow":"follow","max-snippet":"max-snippet:-1","max-image-preview":"max-image-preview:large","max-video-preview":"max-video-preview:-1"},"canonical":"https:\/\/berlinskejmodel.cz\/kontakt\/","og_locale":"en_US","og_type":"article","og_title":"Contact | Berl\u00ednskej Model","og_description":"[:cs]Kontaktujte galerii telefonicky, emailem nebo na soci\u00e1ln\u00edch s\u00edt\u00edch.[:en]Contact the gallery by phone, email or social networks.[:]","og_url":"https:\/\/berlinskejmodel.cz\/kontakt\/","og_site_name":"Berl\u00ednskej Model","article_publisher":"https:\/\/www.facebook.com\/berlinskejmodel","article_modified_time":"2025-07-29T09:34:06+00:00","og_image":[{"width":512,"height":512,"url":"https:\/\/berlinskejmodel.cz\/wp-content\/uploads\/2020\/11\/logo_v1.png","type":"image\/png"}],"twitter_card":"summary_large_image","schema":{"@context":"https:\/\/schema.org","@graph":[{"@type":["WebPage","ContactPage"],"@id":"https:\/\/berlinskejmodel.cz\/kontakt\/","url":"https:\/\/berlinskejmodel.cz\/kontakt\/","name":"[:cs]Kontakt[:en]Contact[:] | Berl\u00ednskej Model","isPartOf":{"@id":"https:\/\/berlinskejmodel.cz\/cs\/#website"},"datePublished":"2020-11-17T14:58:04+00:00","dateModified":"2025-07-29T09:34:06+00:00","description":"[:cs]Kontaktujte galerii telefonicky, emailem nebo na soci\u00e1ln\u00edch s\u00edt\u00edch.[:en]Contact the gallery by phone, email or social networks.[:]","breadcrumb":{"@id":"https:\/\/berlinskejmodel.cz\/kontakt\/#breadcrumb"},"inLanguage":"en-US","potentialAction":[{"@type":"ReadAction","target":["https:\/\/berlinskejmodel.cz\/kontakt\/"]}]},{"@type":"BreadcrumbList","@id":"https:\/\/berlinskejmodel.cz\/kontakt\/#breadcrumb","itemListElement":[{"@type":"ListItem","position":1,"name":"Berl\u00ednskej Model","item":"https:\/\/berlinskejmodel.cz\/"},{"@type":"ListItem","position":2,"name":"Kontakt"}]},{"@type":"WebSite","@id":"https:\/\/berlinskejmodel.cz\/cs\/#website","url":"https:\/\/berlinskejmodel.cz\/cs\/","name":"Berl\u00ednskej Model","description":"","publisher":{"@id":"https:\/\/berlinskejmodel.cz\/cs\/#organization"},"potentialAction":[{"@type":"SearchAction","target":{"@type":"EntryPoint","urlTemplate":"https:\/\/berlinskejmodel.cz\/cs\/?s={search_term_string}"},"query-input":{"@type":"PropertyValueSpecification","valueRequired":true,"valueName":"search_term_string"}}],"inLanguage":"en-US"},{"@type":"Organization","@id":"https:\/\/berlinskejmodel.cz\/cs\/#organization","name":"Berl\u00ednskej Model","url":"https:\/\/berlinskejmodel.cz\/cs\/","logo":{"@type":"ImageObject","inLanguage":"en-US","@id":"https:\/\/berlinskejmodel.cz\/cs\/#\/schema\/logo\/image\/","url":"https:\/\/berlinskejmodel.cz\/wp-content\/uploads\/2020\/11\/logo_v1.png","contentUrl":"https:\/\/berlinskejmodel.cz\/wp-content\/uploads\/2020\/11\/logo_v1.png","width":512,"height":512,"caption":"Berl\u00ednskej Model"},"image":{"@id":"https:\/\/berlinskejmodel.cz\/cs\/#\/schema\/logo\/image\/"},"sameAs":["https:\/\/www.facebook.com\/berlinskejmodel","https:\/\/www.instagram.com\/berlinskej_model\/"]}]}},"_links":{"self":[{"href":"https:\/\/berlinskejmodel.cz\/en\/wp-json\/wp\/v2\/pages\/87","targetHints":{"allow":["GET"]}}],"collection":[{"href":"https:\/\/berlinskejmodel.cz\/en\/wp-json\/wp\/v2\/pages"}],"about":[{"href":"https:\/\/berlinskejmodel.cz\/en\/wp-json\/wp\/v2\/types\/page"}],"author":[{"embeddable":true,"href":"https:\/\/berlinskejmodel.cz\/en\/wp-json\/wp\/v2\/users\/1"}],"replies":[{"embeddable":true,"href":"https:\/\/berlinskejmodel.cz\/en\/wp-json\/wp\/v2\/comments?post=87"}],"version-history":[{"count":12,"href":"https:\/\/berlinskejmodel.cz\/en\/wp-json\/wp\/v2\/pages\/87\/revisions"}],"predecessor-version":[{"id":6643,"href":"https:\/\/berlinskejmodel.cz\/en\/wp-json\/wp\/v2\/pages\/87\/revisions\/6643"}],"wp:attachment":[{"href":"https:\/\/berlinskejmodel.cz\/en\/wp-json\/wp\/v2\/media?parent=87"}],"curies":[{"name":"wp","href":"https:\/\/api.w.org\/{rel}","templated":true}]}}